{"id":4918,"date":"2021-03-22T15:34:33","date_gmt":"2021-03-22T15:34:33","guid":{"rendered":"https:\/\/ifs.co.me\/?page_id=4918"},"modified":"2021-04-22T07:50:25","modified_gmt":"2021-04-22T07:50:25","slug":"o-ifs","status":"publish","type":"page","link":"https:\/\/ifs.co.me\/en\/o-nama\/o-ifs\/","title":{"rendered":"ABOUT IFS"},"content":{"rendered":"<div data-elementor-type=\"wp-page\" data-elementor-id=\"4918\" class=\"elementor elementor-4918\">\n\t\t\t\t\t\t\t\t\t<section class=\"elementor-section elementor-top-section elementor-element elementor-element-ce7c14a elementor-section-boxed elementor-section-height-default elementor-section-height-default\" data-id=\"ce7c14a\" data-element_type=\"section\">\n\t\t\t\t\t\t<div class=\"elementor-container elementor-column-gap-default\">\n\t\t\t\t\t<div class=\"elementor-column elementor-col-100 elementor-top-column elementor-element elementor-element-07a08d4\" data-id=\"07a08d4\" data-element_type=\"column\">\n\t\t\t<div class=\"elementor-widget-wrap elementor-element-populated\">\n\t\t\t\t\t\t\t\t<div class=\"elementor-element elementor-element-dbd0422 elementor-widget elementor-widget-spacer\" data-id=\"dbd0422\" data-element_type=\"widget\" data-widget_type=\"spacer.default\">\n\t\t\t\t<div class=\"elementor-widget-container\">\n\t\t\t\t\t<div class=\"elementor-spacer\">\n\t\t\t<div class=\"elementor-spacer-inner\"><\/div>\n\t\t<\/div>\n\t\t\t\t<\/div>\n\t\t\t\t<\/div>\n\t\t\t\t\t<\/div>\n\t\t<\/div>\n\t\t\t\t\t\t\t<\/div>\n\t\t<\/section>\n\t\t\t\t<section class=\"elementor-section elementor-top-section elementor-element elementor-element-8d6f568 elementor-section-boxed elementor-section-height-default elementor-section-height-default\" data-id=\"8d6f568\" data-element_type=\"section\">\n\t\t\t\t\t\t<div class=\"elementor-container elementor-column-gap-default\">\n\t\t\t\t\t<div class=\"elementor-column elementor-col-100 elementor-top-column elementor-element elementor-element-1906211\" data-id=\"1906211\" data-element_type=\"column\">\n\t\t\t<div class=\"elementor-widget-wrap elementor-element-populated\">\n\t\t\t\t\t\t\t\t<div class=\"elementor-element elementor-element-8953b0a elementor-widget elementor-widget-heading\" data-id=\"8953b0a\" data-element_type=\"widget\" data-widget_type=\"heading.default\">\n\t\t\t\t<div class=\"elementor-widget-container\">\n\t\t\t<h2 class=\"elementor-heading-title elementor-size-default\">ABOUT IFS<\/h2>\t\t<\/div>\n\t\t\t\t<\/div>\n\t\t\t\t\t<\/div>\n\t\t<\/div>\n\t\t\t\t\t\t\t<\/div>\n\t\t<\/section>\n\t\t\t\t<section class=\"elementor-section elementor-top-section elementor-element elementor-element-ac0892f elementor-section-boxed elementor-section-height-default elementor-section-height-default\" data-id=\"ac0892f\" data-element_type=\"section\">\n\t\t\t\t\t\t<div class=\"elementor-container elementor-column-gap-default\">\n\t\t\t\t\t<div class=\"elementor-column elementor-col-100 elementor-top-column elementor-element elementor-element-67a1561\" data-id=\"67a1561\" data-element_type=\"column\">\n\t\t\t<div class=\"elementor-widget-wrap elementor-element-populated\">\n\t\t\t\t\t\t\t\t<div class=\"elementor-element elementor-element-5ab5bb2 elementor-widget elementor-widget-spacer\" data-id=\"5ab5bb2\" data-element_type=\"widget\" data-widget_type=\"spacer.default\">\n\t\t\t\t<div class=\"elementor-widget-container\">\n\t\t\t\t\t<div class=\"elementor-spacer\">\n\t\t\t<div class=\"elementor-spacer-inner\"><\/div>\n\t\t<\/div>\n\t\t\t\t<\/div>\n\t\t\t\t<\/div>\n\t\t\t\t\t<\/div>\n\t\t<\/div>\n\t\t\t\t\t\t\t<\/div>\n\t\t<\/section>\n\t\t\t\t<section class=\"elementor-section elementor-top-section elementor-element elementor-element-52535032 elementor-hidden-tablet elementor-hidden-phone elementor-section-boxed elementor-section-height-default elementor-section-height-default\" data-id=\"52535032\" data-element_type=\"section\">\n\t\t\t\t\t\t<div class=\"elementor-container elementor-column-gap-default\">\n\t\t\t\t\t<div class=\"elementor-column elementor-col-100 elementor-top-column elementor-element elementor-element-2ccbe0a4\" data-id=\"2ccbe0a4\" data-element_type=\"column\">\n\t\t\t<div class=\"elementor-widget-wrap elementor-element-populated\">\n\t\t\t\t\t\t\t\t<div class=\"elementor-element elementor-element-46c4b099 elementor-widget elementor-widget-text-editor\" data-id=\"46c4b099\" data-element_type=\"widget\" data-widget_type=\"text-editor.default\">\n\t\t\t\t<div class=\"elementor-widget-container\">\n\t\t\t\t\t\t\t<p style=\"text-align: justify;\" class=\" translation-block\"><strong>Insurance Financial Solutions (IFS)<\/strong> is an insurance brokerage company licensed by the <span style=\"color: #019a49\"><a style=\"color: #019a49\" href=\"http:\/\/www.ano.me\" target=\"_self\">Insurance Supervisory Agency.<\/a><\/span><\/p><p style=\"text-align: justify;\">IFS has signed cooperation agreements with all insurance companies operating on our market.<\/p><p style=\"text-align: justify;\">Our basic and only activity, in accordance with the Law on Insurance, is the provision of professional insurance brokerage services to legal entities and individuals in Montenegro and abroad.<\/p><p style=\"text-align: justify;\">IFS operates independently of insurance companies and works in the interest of the client who hires it for insurance brokerage services.<\/p><p style=\"text-align: justify;\">Our team's many years of experience, cooperation with renowned insurance companies, diverse and complex expertise, professionalism and commitment to the client are a guarantee that your cooperation with IFS insurance broker will be successful and in your best interest. In addition to numerous multidisciplinary knowledge, our colleagues also hold licences for insurance agency and insurance brokerage.<\/p><p style=\"text-align: justify;\">Working in the client's interest, defining the risks surrounding the client's business, finding adequate and high-quality insurance coverage and taking care not only of current requirements, but also anticipating their future needs, IFS wants to build long-term cooperation with all its clients.<\/p>\t\t\t\t\t\t<\/div>\n\t\t\t\t<\/div>\n\t\t\t\t\t<\/div>\n\t\t<\/div>\n\t\t\t\t\t\t\t<\/div>\n\t\t<\/section>\n\t\t\t\t<section class=\"elementor-section elementor-top-section elementor-element elementor-element-7c9e295 elementor-hidden-desktop elementor-section-boxed elementor-section-height-default elementor-section-height-default\" data-id=\"7c9e295\" data-element_type=\"section\">\n\t\t\t\t\t\t<div class=\"elementor-container elementor-column-gap-default\">\n\t\t\t\t\t<div class=\"elementor-column elementor-col-100 elementor-top-column elementor-element elementor-element-b2aad39\" data-id=\"b2aad39\" data-element_type=\"column\">\n\t\t\t<div class=\"elementor-widget-wrap elementor-element-populated\">\n\t\t\t\t\t\t\t\t<div class=\"elementor-element elementor-element-114983b elementor-widget elementor-widget-text-editor\" data-id=\"114983b\" data-element_type=\"widget\" data-widget_type=\"text-editor.default\">\n\t\t\t\t<div class=\"elementor-widget-container\">\n\t\t\t\t\t\t\t<p style=\"text-align: justify;\" class=\" translation-block\"><strong>Insurance Financial Solutions (IFS)<\/strong> is an insurance brokerage company licensed by the <span style=\"color: #019a49\"><a style=\"color: #019a49\" href=\"http:\/\/www.ano.me\" target=\"_self\">Insurance Supervisory Agency.<\/a><\/span><\/p><p style=\"text-align: justify;\">IFS has signed cooperation agreements with all insurance companies operating on our market.<\/p><p style=\"text-align: justify;\">Our basic and only activity, in accordance with the Law on Insurance, is the provision of professional insurance brokerage services to legal entities and individuals in Montenegro and abroad.<\/p><p style=\"text-align: justify;\">IFS operates independently of insurance companies and works in the interest of the client who hires it for insurance brokerage services.<\/p><p style=\"text-align: justify;\">Our team's many years of experience, cooperation with renowned insurance companies, diverse and complex expertise, professionalism and commitment to the client are a guarantee that your cooperation with IFS insurance broker will be successful and in your best interest. In addition to numerous multidisciplinary knowledge, our colleagues also hold licences for insurance agency and insurance brokerage.<\/p><p style=\"text-align: justify;\">Working in the client's interest, defining the risks surrounding the client's business, finding adequate and high-quality insurance coverage and taking care not only of current requirements, but also anticipating their future needs, IFS wants to build long-term cooperation with all its clients.<\/p>\t\t\t\t\t\t<\/div>\n\t\t\t\t<\/div>\n\t\t\t\t\t<\/div>\n\t\t<\/div>\n\t\t\t\t\t\t\t<\/div>\n\t\t<\/section>\n\t\t\t\t<section class=\"elementor-section elementor-top-section elementor-element elementor-element-fc2aecf elementor-section-boxed elementor-section-height-default elementor-section-height-default\" data-id=\"fc2aecf\" data-element_type=\"section\">\n\t\t\t\t\t\t<div class=\"elementor-container elementor-column-gap-default\">\n\t\t\t\t\t<div class=\"elementor-column elementor-col-100 elementor-top-column elementor-element elementor-element-5351aae\" data-id=\"5351aae\" data-element_type=\"column\">\n\t\t\t<div class=\"elementor-widget-wrap elementor-element-populated\">\n\t\t\t\t\t\t\t\t<div class=\"elementor-element elementor-element-4d11b7c elementor-widget elementor-widget-spacer\" data-id=\"4d11b7c\" data-element_type=\"widget\" data-widget_type=\"spacer.default\">\n\t\t\t\t<div class=\"elementor-widget-container\">\n\t\t\t\t\t<div class=\"elementor-spacer\">\n\t\t\t<div class=\"elementor-spacer-inner\"><\/div>\n\t\t<\/div>\n\t\t\t\t<\/div>\n\t\t\t\t<\/div>\n\t\t\t\t\t<\/div>\n\t\t<\/div>\n\t\t\t\t\t\t\t<\/div>\n\t\t<\/section>\n\t\t\t\t<section class=\"elementor-section elementor-top-section elementor-element elementor-element-28442e9e cta elementor-section-boxed elementor-section-height-default elementor-section-height-default\" data-id=\"28442e9e\" data-element_type=\"section\">\n\t\t\t\t\t\t<div class=\"elementor-container elementor-column-gap-default\">\n\t\t\t\t\t<div class=\"elementor-column elementor-col-100 elementor-top-column elementor-element elementor-element-127518ef cta\" data-id=\"127518ef\" data-element_type=\"column\" data-settings=\"{&quot;background_background&quot;:&quot;classic&quot;}\">\n\t\t\t<div class=\"elementor-widget-wrap elementor-element-populated\">\n\t\t\t\t\t<div class=\"elementor-background-overlay\"><\/div>\n\t\t\t\t\t\t\t\t<section class=\"elementor-section elementor-inner-section elementor-element elementor-element-84785ef elementor-section-boxed elementor-section-height-default elementor-section-height-default\" data-id=\"84785ef\" data-element_type=\"section\">\n\t\t\t\t\t\t<div class=\"elementor-container elementor-column-gap-default\">\n\t\t\t\t\t<div class=\"elementor-column elementor-col-50 elementor-inner-column elementor-element elementor-element-370b0ddf\" data-id=\"370b0ddf\" data-element_type=\"column\">\n\t\t\t<div class=\"elementor-widget-wrap elementor-element-populated\">\n\t\t\t\t\t\t\t\t<div class=\"elementor-element elementor-element-54a1d11e elementor-widget elementor-widget-text-editor\" data-id=\"54a1d11e\" data-element_type=\"widget\" data-widget_type=\"text-editor.default\">\n\t\t\t\t<div class=\"elementor-widget-container\">\n\t\t\t\t\t\t\t<p style=\"text-align: left;\"><strong>Not sure what you or your company needs?<\/strong><\/p><p style=\"text-align: left;\">Find out in just a few steps\u2026<\/p>\t\t\t\t\t\t<\/div>\n\t\t\t\t<\/div>\n\t\t\t\t\t<\/div>\n\t\t<\/div>\n\t\t\t\t<div class=\"elementor-column elementor-col-50 elementor-inner-column elementor-element elementor-element-3848514f\" data-id=\"3848514f\" data-element_type=\"column\">\n\t\t\t<div class=\"elementor-widget-wrap elementor-element-populated\">\n\t\t\t\t\t\t\t\t<div class=\"elementor-element elementor-element-77c0ff33 elementor-widget elementor-widget-elementskit-button\" data-id=\"77c0ff33\" data-element_type=\"widget\" data-widget_type=\"elementskit-button.default\">\n\t\t\t\t<div class=\"elementor-widget-container\">\n\t\t\t<div class=\"ekit-wid-con\" >\t\t<div class=\"ekit-btn-wraper\">\n\t\t\t\t\t\t\t<a href=\"https:\/\/ifs.co.me\/en\/osiguranje-za-vas\/\" class=\"elementskit-btn  whitespace--normal\" >\n\t\t\t\t\t\n\t\t\t\t\t\n\t\t\t\t\tFIND OUT HERE\t\t\t\t<\/a>\n\t\t\t\t\t\t<\/div>\n        <\/div>\t\t<\/div>\n\t\t\t\t<\/div>\n\t\t\t\t\t<\/div>\n\t\t<\/div>\n\t\t\t\t\t\t\t<\/div>\n\t\t<\/section>\n\t\t\t\t\t<\/div>\n\t\t<\/div>\n\t\t\t\t\t\t\t<\/div>\n\t\t<\/section>\n\t\t\t\t<section class=\"elementor-section elementor-top-section elementor-element elementor-element-2d12a955 elementor-section-content-middle elementor-section-boxed elementor-section-height-default elementor-section-height-default\" data-id=\"2d12a955\" data-element_type=\"section\" data-settings=\"{&quot;background_background&quot;:&quot;classic&quot;}\">\n\t\t\t\t\t\t\t<div class=\"elementor-background-overlay\"><\/div>\n\t\t\t\t\t\t\t<div class=\"elementor-container elementor-column-gap-default\">\n\t\t\t\t\t<div class=\"elementor-column elementor-col-50 elementor-top-column elementor-element elementor-element-4413e681\" data-id=\"4413e681\" data-element_type=\"column\">\n\t\t\t<div class=\"elementor-widget-wrap elementor-element-populated\">\n\t\t\t\t\t\t\t\t<div class=\"elementor-element elementor-element-87e65b1 elementor-widget elementor-widget-elementskit-heading\" data-id=\"87e65b1\" data-element_type=\"widget\" data-widget_type=\"elementskit-heading.default\">\n\t\t\t\t<div class=\"elementor-widget-container\">\n\t\t\t<div class=\"ekit-wid-con\" ><div class=\"ekit-heading elementskit-section-title-wraper    ekit_heading_tablet-   ekit_heading_mobile-\"><h2 class=\"ekit-heading--title elementskit-section-title\">YOU DECIDED TO GET INSURANCE?<\/h2>\t\t\t\t<div class='ekit-heading__description'>\n\t\t\t\t\t<p>There are many questions and possibilities. You can't be sure what tomorrow will bring, but it's certainly good to have a safe partner\u2026<\/p>\n\t\t\t\t<\/div>\n\t\t\t<\/div><\/div>\t\t<\/div>\n\t\t\t\t<\/div>\n\t\t\t\t<div class=\"elementor-element elementor-element-74a7cff2 elementor-widget elementor-widget-elementskit-button\" data-id=\"74a7cff2\" data-element_type=\"widget\" data-widget_type=\"elementskit-button.default\">\n\t\t\t\t<div class=\"elementor-widget-container\">\n\t\t\t<div class=\"ekit-wid-con\" >\t\t<div class=\"ekit-btn-wraper\">\n\t\t\t\t\t\t\t<a href=\"https:\/\/ifs.co.me\/en\/odlucili-ste-se-osigurati\/\" class=\"elementskit-btn  whitespace--normal\" >\n\t\t\t\t\t\n\t\t\t\t\t<i aria-hidden=\"true\" class=\"fas fa-bell\"><\/i>\n\t\t\t\t\tREAD MORE \t\t\t\t<\/a>\n\t\t\t\t\t\t<\/div>\n        <\/div>\t\t<\/div>\n\t\t\t\t<\/div>\n\t\t\t\t\t<\/div>\n\t\t<\/div>\n\t\t\t\t<div class=\"elementor-column elementor-col-50 elementor-top-column elementor-element elementor-element-1f373569\" data-id=\"1f373569\" data-element_type=\"column\">\n\t\t\t<div class=\"elementor-widget-wrap elementor-element-populated\">\n\t\t\t\t\t\t\t\t<div class=\"elementor-element elementor-element-a7a63ef elementor-widget elementor-widget-image\" data-id=\"a7a63ef\" data-element_type=\"widget\" data-widget_type=\"image.default\">\n\t\t\t\t<div class=\"elementor-widget-container\">\n\t\t\t\t\t\t\t\t\t\t\t\t\t\t\t<img decoding=\"async\" width=\"750\" height=\"465\" src=\"https:\/\/ifs.co.me\/wp-content\/uploads\/2021\/03\/kancelarija-ifs-750x465.jpg\" class=\"attachment-post-thumbnail size-post-thumbnail wp-image-4908\" alt=\"\" loading=\"lazy\" \/>\t\t\t\t\t\t\t\t\t\t\t\t\t\t\t<\/div>\n\t\t\t\t<\/div>\n\t\t\t\t<section class=\"elementor-section elementor-inner-section elementor-element elementor-element-428de13a elementor-section-boxed elementor-section-height-default elementor-section-height-default\" data-id=\"428de13a\" data-element_type=\"section\">\n\t\t\t\t\t\t<div class=\"elementor-container elementor-column-gap-default\">\n\t\t\t\t\t<div class=\"elementor-column elementor-col-50 elementor-inner-column elementor-element elementor-element-e793598\" data-id=\"e793598\" data-element_type=\"column\">\n\t\t\t<div class=\"elementor-widget-wrap elementor-element-populated\">\n\t\t\t\t\t\t\t\t<div class=\"elementor-element elementor-element-15b8ea60 elementor-hidden-tablet elementor-hidden-phone elementor-widget elementor-widget-image\" data-id=\"15b8ea60\" data-element_type=\"widget\" data-widget_type=\"image.default\">\n\t\t\t\t<div class=\"elementor-widget-container\">\n\t\t\t\t\t\t\t\t\t\t\t\t\t\t\t<img decoding=\"async\" width=\"800\" height=\"534\" src=\"https:\/\/ifs.co.me\/wp-content\/uploads\/2021\/03\/kanc-ifs-1024x683.jpg\" class=\"attachment-large size-large wp-image-4910\" alt=\"\" loading=\"lazy\" srcset=\"https:\/\/ifs.co.me\/wp-content\/uploads\/2021\/03\/kanc-ifs-1024x683.jpg 1024w, https:\/\/ifs.co.me\/wp-content\/uploads\/2021\/03\/kanc-ifs-300x200.jpg 300w, https:\/\/ifs.co.me\/wp-content\/uploads\/2021\/03\/kanc-ifs-768x512.jpg 768w, https:\/\/ifs.co.me\/wp-content\/uploads\/2021\/03\/kanc-ifs-1536x1024.jpg 1536w, https:\/\/ifs.co.me\/wp-content\/uploads\/2021\/03\/kanc-ifs-2048x1365.jpg 2048w, https:\/\/ifs.co.me\/wp-content\/uploads\/2021\/03\/kanc-ifs-36x24.jpg 36w, https:\/\/ifs.co.me\/wp-content\/uploads\/2021\/03\/kanc-ifs-48x32.jpg 48w\" sizes=\"(max-width: 800px) 100vw, 800px\" \/>\t\t\t\t\t\t\t\t\t\t\t\t\t\t\t<\/div>\n\t\t\t\t<\/div>\n\t\t\t\t\t<\/div>\n\t\t<\/div>\n\t\t\t\t<div class=\"elementor-column elementor-col-50 elementor-inner-column elementor-element elementor-element-6baf1f3c\" data-id=\"6baf1f3c\" data-element_type=\"column\">\n\t\t\t<div class=\"elementor-widget-wrap elementor-element-populated\">\n\t\t\t\t\t\t\t\t<div class=\"elementor-element elementor-element-552773ca elementor-hidden-tablet elementor-hidden-phone elementor-widget elementor-widget-image\" data-id=\"552773ca\" data-element_type=\"widget\" data-widget_type=\"image.default\">\n\t\t\t\t<div class=\"elementor-widget-container\">\n\t\t\t\t\t\t\t\t\t\t\t\t\t\t\t<img decoding=\"async\" width=\"320\" height=\"200\" src=\"https:\/\/ifs.co.me\/wp-content\/uploads\/2021\/03\/ifs-tim-320x200.jpg\" class=\"attachment-instive-case-study-box size-instive-case-study-box wp-image-4739\" alt=\"\" loading=\"lazy\" \/>\t\t\t\t\t\t\t\t\t\t\t\t\t\t\t<\/div>\n\t\t\t\t<\/div>\n\t\t\t\t\t<\/div>\n\t\t<\/div>\n\t\t\t\t\t\t\t<\/div>\n\t\t<\/section>\n\t\t\t\t\t<\/div>\n\t\t<\/div>\n\t\t\t\t\t\t\t<\/div>\n\t\t<\/section>\n\t\t\t\t\t\t\t<\/div>","protected":false},"excerpt":{"rendered":"<p>O IFS Insurance Financial Solutions (IFS) je dru\u0161tvo za posredovanje u osiguranju licencirano od strane Agencije za nadzor osiguranja. IFS ima potpisane ugovore o saradnji sa svim osiguravaju\u0107im ku\u0107ama koje posluju na na\u0161em tr\u017ei\u0161tu. Na\u0161a osnovna i jedina djelatnost, shodno Zakonu o osiguranju, je pru\u017eanje profesionalnih usluga posredovanja u osiguranju pravnim i fizi\u010dkim licima u [&hellip;]<\/p>","protected":false},"author":1,"featured_media":0,"parent":2180,"menu_order":0,"comment_status":"closed","ping_status":"closed","template":"elementor_header_footer","meta":[],"yoast_head":"<!-- This site is optimized with the Yoast SEO plugin v21.5 - https:\/\/yoast.com\/wordpress\/plugins\/seo\/ -->\n<title>O IFS - IFS<\/title>\n<meta name=\"description\" content=\"Insurance Financial Solutions (IFS) je dru\u0161tvo za posredovanje u osiguranju licencirano od strane Agencije za nadzor osiguranja.\" \/>\n<meta name=\"robots\" content=\"index, follow, max-snippet:-1, max-image-preview:large, max-video-preview:-1\" \/>\n<link rel=\"canonical\" href=\"https:\/\/ifs.co.me\/en\/o-nama\/o-ifs\/\" \/>\n<meta property=\"og:locale\" content=\"en_US\" \/>\n<meta property=\"og:type\" content=\"article\" \/>\n<meta property=\"og:title\" content=\"O IFS - IFS\" \/>\n<meta property=\"og:description\" content=\"Insurance Financial Solutions (IFS) je dru\u0161tvo za posredovanje u osiguranju licencirano od strane Agencije za nadzor osiguranja.\" \/>\n<meta property=\"og:url\" content=\"https:\/\/ifs.co.me\/en\/o-nama\/o-ifs\/\" \/>\n<meta property=\"og:site_name\" content=\"IFS\" \/>\n<meta property=\"article:modified_time\" content=\"2021-04-22T07:50:25+00:00\" \/>\n<meta property=\"og:image\" content=\"https:\/\/ifs.co.me\/wp-content\/uploads\/2021\/03\/kancelarija-ifs-750x465.jpg\" \/>\n<meta name=\"twitter:card\" content=\"summary_large_image\" \/>\n<meta name=\"twitter:label1\" content=\"Est. reading time\" \/>\n\t<meta name=\"twitter:data1\" content=\"3 minutes\" \/>\n<script type=\"application\/ld+json\" class=\"yoast-schema-graph\">{\"@context\":\"https:\/\/schema.org\",\"@graph\":[{\"@type\":\"WebPage\",\"@id\":\"https:\/\/ifs.co.me\/o-nama\/o-ifs\/\",\"url\":\"https:\/\/ifs.co.me\/o-nama\/o-ifs\/\",\"name\":\"O IFS - IFS\",\"isPartOf\":{\"@id\":\"https:\/\/ifs.co.me\/#website\"},\"datePublished\":\"2021-03-22T15:34:33+00:00\",\"dateModified\":\"2021-04-22T07:50:25+00:00\",\"description\":\"Insurance Financial Solutions (IFS) je dru\u0161tvo za posredovanje u osiguranju licencirano od strane Agencije za nadzor osiguranja.\",\"breadcrumb\":{\"@id\":\"https:\/\/ifs.co.me\/o-nama\/o-ifs\/#breadcrumb\"},\"inLanguage\":\"en-US\",\"potentialAction\":[{\"@type\":\"ReadAction\",\"target\":[\"https:\/\/ifs.co.me\/o-nama\/o-ifs\/\"]}]},{\"@type\":\"BreadcrumbList\",\"@id\":\"https:\/\/ifs.co.me\/o-nama\/o-ifs\/#breadcrumb\",\"itemListElement\":[{\"@type\":\"ListItem\",\"position\":1,\"name\":\"Home\",\"item\":\"https:\/\/ifs.co.me\/\"},{\"@type\":\"ListItem\",\"position\":2,\"name\":\"O nama\",\"item\":\"https:\/\/ifs.co.me\/o-nama\/\"},{\"@type\":\"ListItem\",\"position\":3,\"name\":\"O IFS\"}]},{\"@type\":\"WebSite\",\"@id\":\"https:\/\/ifs.co.me\/#website\",\"url\":\"https:\/\/ifs.co.me\/\",\"name\":\"IFS\",\"description\":\"Insurance Financial Solutions\",\"publisher\":{\"@id\":\"https:\/\/ifs.co.me\/#organization\"},\"potentialAction\":[{\"@type\":\"SearchAction\",\"target\":{\"@type\":\"EntryPoint\",\"urlTemplate\":\"https:\/\/ifs.co.me\/?s={search_term_string}\"},\"query-input\":\"required name=search_term_string\"}],\"inLanguage\":\"en-US\"},{\"@type\":\"Organization\",\"@id\":\"https:\/\/ifs.co.me\/#organization\",\"name\":\"IFS\",\"url\":\"https:\/\/ifs.co.me\/\",\"logo\":{\"@type\":\"ImageObject\",\"inLanguage\":\"en-US\",\"@id\":\"https:\/\/ifs.co.me\/#\/schema\/logo\/image\/\",\"url\":\"https:\/\/ifs.co.me\/wp-content\/uploads\/2022\/10\/Background.png\",\"contentUrl\":\"https:\/\/ifs.co.me\/wp-content\/uploads\/2022\/10\/Background.png\",\"width\":2844,\"height\":720,\"caption\":\"IFS\"},\"image\":{\"@id\":\"https:\/\/ifs.co.me\/#\/schema\/logo\/image\/\"}}]}<\/script>\n<!-- \/ Yoast SEO plugin. -->","yoast_head_json":{"title":"O IFS - IFS","description":"Insurance Financial Solutions (IFS) je dru\u0161tvo za posredovanje u osiguranju licencirano od strane Agencije za nadzor osiguranja.","robots":{"index":"index","follow":"follow","max-snippet":"max-snippet:-1","max-image-preview":"max-image-preview:large","max-video-preview":"max-video-preview:-1"},"canonical":"https:\/\/ifs.co.me\/en\/o-nama\/o-ifs\/","og_locale":"en_US","og_type":"article","og_title":"O IFS - IFS","og_description":"Insurance Financial Solutions (IFS) je dru\u0161tvo za posredovanje u osiguranju licencirano od strane Agencije za nadzor osiguranja.","og_url":"https:\/\/ifs.co.me\/en\/o-nama\/o-ifs\/","og_site_name":"IFS","article_modified_time":"2021-04-22T07:50:25+00:00","og_image":[{"url":"https:\/\/ifs.co.me\/wp-content\/uploads\/2021\/03\/kancelarija-ifs-750x465.jpg"}],"twitter_card":"summary_large_image","twitter_misc":{"Est. reading time":"3 minutes"},"schema":{"@context":"https:\/\/schema.org","@graph":[{"@type":"WebPage","@id":"https:\/\/ifs.co.me\/o-nama\/o-ifs\/","url":"https:\/\/ifs.co.me\/o-nama\/o-ifs\/","name":"O IFS - IFS","isPartOf":{"@id":"https:\/\/ifs.co.me\/#website"},"datePublished":"2021-03-22T15:34:33+00:00","dateModified":"2021-04-22T07:50:25+00:00","description":"Insurance Financial Solutions (IFS) je dru\u0161tvo za posredovanje u osiguranju licencirano od strane Agencije za nadzor osiguranja.","breadcrumb":{"@id":"https:\/\/ifs.co.me\/o-nama\/o-ifs\/#breadcrumb"},"inLanguage":"en-US","potentialAction":[{"@type":"ReadAction","target":["https:\/\/ifs.co.me\/o-nama\/o-ifs\/"]}]},{"@type":"BreadcrumbList","@id":"https:\/\/ifs.co.me\/o-nama\/o-ifs\/#breadcrumb","itemListElement":[{"@type":"ListItem","position":1,"name":"Home","item":"https:\/\/ifs.co.me\/"},{"@type":"ListItem","position":2,"name":"O nama","item":"https:\/\/ifs.co.me\/o-nama\/"},{"@type":"ListItem","position":3,"name":"O IFS"}]},{"@type":"WebSite","@id":"https:\/\/ifs.co.me\/#website","url":"https:\/\/ifs.co.me\/","name":"IFS","description":"Insurance Financial Solutions","publisher":{"@id":"https:\/\/ifs.co.me\/#organization"},"potentialAction":[{"@type":"SearchAction","target":{"@type":"EntryPoint","urlTemplate":"https:\/\/ifs.co.me\/?s={search_term_string}"},"query-input":"required name=search_term_string"}],"inLanguage":"en-US"},{"@type":"Organization","@id":"https:\/\/ifs.co.me\/#organization","name":"IFS","url":"https:\/\/ifs.co.me\/","logo":{"@type":"ImageObject","inLanguage":"en-US","@id":"https:\/\/ifs.co.me\/#\/schema\/logo\/image\/","url":"https:\/\/ifs.co.me\/wp-content\/uploads\/2022\/10\/Background.png","contentUrl":"https:\/\/ifs.co.me\/wp-content\/uploads\/2022\/10\/Background.png","width":2844,"height":720,"caption":"IFS"},"image":{"@id":"https:\/\/ifs.co.me\/#\/schema\/logo\/image\/"}}]}},"_links":{"self":[{"href":"https:\/\/ifs.co.me\/en\/wp-json\/wp\/v2\/pages\/4918"}],"collection":[{"href":"https:\/\/ifs.co.me\/en\/wp-json\/wp\/v2\/pages"}],"about":[{"href":"https:\/\/ifs.co.me\/en\/wp-json\/wp\/v2\/types\/page"}],"author":[{"embeddable":true,"href":"https:\/\/ifs.co.me\/en\/wp-json\/wp\/v2\/users\/1"}],"replies":[{"embeddable":true,"href":"https:\/\/ifs.co.me\/en\/wp-json\/wp\/v2\/comments?post=4918"}],"version-history":[{"count":0,"href":"https:\/\/ifs.co.me\/en\/wp-json\/wp\/v2\/pages\/4918\/revisions"}],"up":[{"embeddable":true,"href":"https:\/\/ifs.co.me\/en\/wp-json\/wp\/v2\/pages\/2180"}],"wp:attachment":[{"href":"https:\/\/ifs.co.me\/en\/wp-json\/wp\/v2\/media?parent=4918"}],"curies":[{"name":"wp","href":"https:\/\/api.w.org\/{rel}","templated":true}]}}