{"id":4949,"date":"2021-03-22T15:54:11","date_gmt":"2021-03-22T15:54:11","guid":{"rendered":"https:\/\/ifs.co.me\/?page_id=4949"},"modified":"2023-11-09T14:11:57","modified_gmt":"2023-11-09T14:11:57","slug":"karijera","status":"publish","type":"page","link":"https:\/\/ifs.co.me\/en\/o-nama\/karijera\/","title":{"rendered":"KARIJERA"},"content":{"rendered":"<div data-elementor-type=\"wp-page\" data-elementor-id=\"4949\" class=\"elementor elementor-4949\">\n\t\t\t\t\t\t\t\t\t<section class=\"elementor-section elementor-top-section elementor-element elementor-element-55f4f5f elementor-section-boxed elementor-section-height-default elementor-section-height-default\" data-id=\"55f4f5f\" data-element_type=\"section\">\n\t\t\t\t\t\t<div class=\"elementor-container elementor-column-gap-default\">\n\t\t\t\t\t<div class=\"elementor-column elementor-col-100 elementor-top-column elementor-element elementor-element-e5649bf\" data-id=\"e5649bf\" data-element_type=\"column\">\n\t\t\t<div class=\"elementor-widget-wrap elementor-element-populated\">\n\t\t\t\t\t\t\t\t<div class=\"elementor-element elementor-element-904dea4 elementor-widget elementor-widget-spacer\" data-id=\"904dea4\" data-element_type=\"widget\" data-widget_type=\"spacer.default\">\n\t\t\t\t<div class=\"elementor-widget-container\">\n\t\t\t\t\t<div class=\"elementor-spacer\">\n\t\t\t<div class=\"elementor-spacer-inner\"><\/div>\n\t\t<\/div>\n\t\t\t\t<\/div>\n\t\t\t\t<\/div>\n\t\t\t\t\t<\/div>\n\t\t<\/div>\n\t\t\t\t\t\t\t<\/div>\n\t\t<\/section>\n\t\t\t\t<section class=\"elementor-section elementor-top-section elementor-element elementor-element-d304aed elementor-section-boxed elementor-section-height-default elementor-section-height-default\" data-id=\"d304aed\" data-element_type=\"section\">\n\t\t\t\t\t\t<div class=\"elementor-container elementor-column-gap-default\">\n\t\t\t\t\t<div class=\"elementor-column elementor-col-100 elementor-top-column elementor-element elementor-element-6a45b923\" data-id=\"6a45b923\" data-element_type=\"column\">\n\t\t\t<div class=\"elementor-widget-wrap elementor-element-populated\">\n\t\t\t\t\t\t\t\t<div class=\"elementor-element elementor-element-2215ae85 elementor-widget elementor-widget-heading\" data-id=\"2215ae85\" data-element_type=\"widget\" data-widget_type=\"heading.default\">\n\t\t\t\t<div class=\"elementor-widget-container\">\n\t\t\t<h2 class=\"elementor-heading-title elementor-size-default\">CAREER<\/h2>\t\t<\/div>\n\t\t\t\t<\/div>\n\t\t\t\t\t<\/div>\n\t\t<\/div>\n\t\t\t\t\t\t\t<\/div>\n\t\t<\/section>\n\t\t\t\t<section class=\"elementor-section elementor-top-section elementor-element elementor-element-9ee2599 elementor-section-boxed elementor-section-height-default elementor-section-height-default\" data-id=\"9ee2599\" data-element_type=\"section\">\n\t\t\t\t\t\t<div class=\"elementor-container elementor-column-gap-default\">\n\t\t\t\t\t<div class=\"elementor-column elementor-col-100 elementor-top-column elementor-element elementor-element-82ac8d7\" data-id=\"82ac8d7\" data-element_type=\"column\">\n\t\t\t<div class=\"elementor-widget-wrap elementor-element-populated\">\n\t\t\t\t\t\t\t\t<div class=\"elementor-element elementor-element-94077ef elementor-widget elementor-widget-spacer\" data-id=\"94077ef\" data-element_type=\"widget\" data-widget_type=\"spacer.default\">\n\t\t\t\t<div class=\"elementor-widget-container\">\n\t\t\t\t\t<div class=\"elementor-spacer\">\n\t\t\t<div class=\"elementor-spacer-inner\"><\/div>\n\t\t<\/div>\n\t\t\t\t<\/div>\n\t\t\t\t<\/div>\n\t\t\t\t\t<\/div>\n\t\t<\/div>\n\t\t\t\t\t\t\t<\/div>\n\t\t<\/section>\n\t\t\t\t<section class=\"elementor-section elementor-top-section elementor-element elementor-element-4a19fea1 elementor-hidden-tablet elementor-hidden-phone elementor-section-boxed elementor-section-height-default elementor-section-height-default\" data-id=\"4a19fea1\" data-element_type=\"section\">\n\t\t\t\t\t\t<div class=\"elementor-container elementor-column-gap-default\">\n\t\t\t\t\t<div class=\"elementor-column elementor-col-100 elementor-top-column elementor-element elementor-element-9843579\" data-id=\"9843579\" data-element_type=\"column\">\n\t\t\t<div class=\"elementor-widget-wrap elementor-element-populated\">\n\t\t\t\t\t\t\t\t<div class=\"elementor-element elementor-element-57c79922 elementor-widget elementor-widget-text-editor\" data-id=\"57c79922\" data-element_type=\"widget\" data-widget_type=\"text-editor.default\">\n\t\t\t\t<div class=\"elementor-widget-container\">\n\t\t\t\t\t\t\t<p style=\"text-align: justify;\">We are aware that the relationship with clients is crucial for mutual success in any business and industry.<\/p><p style=\"text-align: justify;\">That is why it is important for us to have top professionals in the team and that all their activities are subordinated to the requirements of our clients and their goals.<\/p><p style=\"text-align: justify;\">At the same time, we are committed to providing support and mutual advancement and respect within the team.<\/p><p style=\"text-align: justify;\">We are convinced that our success is a reflection of these efforts.<\/p><p style=\"text-align: justify;\">If you would like to be part of our team, learn new skills and progress, send us your business resume to: info@ifs.co.me.<\/p>\t\t\t\t\t\t<\/div>\n\t\t\t\t<\/div>\n\t\t\t\t\t<\/div>\n\t\t<\/div>\n\t\t\t\t\t\t\t<\/div>\n\t\t<\/section>\n\t\t\t\t<section class=\"elementor-section elementor-top-section elementor-element elementor-element-0956528 elementor-hidden-desktop elementor-section-boxed elementor-section-height-default elementor-section-height-default\" data-id=\"0956528\" data-element_type=\"section\">\n\t\t\t\t\t\t<div class=\"elementor-container elementor-column-gap-default\">\n\t\t\t\t\t<div class=\"elementor-column elementor-col-100 elementor-top-column elementor-element elementor-element-23b90b1\" data-id=\"23b90b1\" data-element_type=\"column\">\n\t\t\t<div class=\"elementor-widget-wrap elementor-element-populated\">\n\t\t\t\t\t\t\t\t<div class=\"elementor-element elementor-element-2277f01 elementor-widget elementor-widget-text-editor\" data-id=\"2277f01\" data-element_type=\"widget\" data-widget_type=\"text-editor.default\">\n\t\t\t\t<div class=\"elementor-widget-container\">\n\t\t\t\t\t\t\t<p style=\"text-align: justify;\">We are aware that the relationship with clients is crucial for mutual success in any business and industry.<\/p><p style=\"text-align: justify;\">That is why it is important for us to have top professionals in the team and that all their activities are subordinated to the requirements of our clients and their goals.<\/p><p style=\"text-align: justify;\">At the same time, we are committed to providing support and mutual advancement and respect within the team.<\/p><p style=\"text-align: justify;\">We are convinced that our success is a reflection of these efforts.<\/p><p style=\"text-align: justify;\">If you would like to be part of our team, learn new skills and progress, send us your business resume to: info@ifs.co.me.<\/p>\t\t\t\t\t\t<\/div>\n\t\t\t\t<\/div>\n\t\t\t\t\t<\/div>\n\t\t<\/div>\n\t\t\t\t\t\t\t<\/div>\n\t\t<\/section>\n\t\t\t\t<section class=\"elementor-section elementor-top-section elementor-element elementor-element-0263c3c elementor-section-boxed elementor-section-height-default elementor-section-height-default\" data-id=\"0263c3c\" data-element_type=\"section\">\n\t\t\t\t\t\t<div class=\"elementor-container elementor-column-gap-default\">\n\t\t\t\t\t<div class=\"elementor-column elementor-col-100 elementor-top-column elementor-element elementor-element-058c838\" data-id=\"058c838\" data-element_type=\"column\">\n\t\t\t<div class=\"elementor-widget-wrap elementor-element-populated\">\n\t\t\t\t\t\t\t\t<div class=\"elementor-element elementor-element-f96e1ed elementor-widget elementor-widget-heading\" data-id=\"f96e1ed\" data-element_type=\"widget\" data-widget_type=\"heading.default\">\n\t\t\t\t<div class=\"elementor-widget-container\">\n\t\t\t<h3 class=\"elementor-heading-title elementor-size-default\"><a href=\"https:\/\/ifs.co.me\/en\/sirimo-tim\/\"><i><u>\u0160irimo tim!<\/u><\/i><\/a><\/h3>\t\t<\/div>\n\t\t\t\t<\/div>\n\t\t\t\t\t<\/div>\n\t\t<\/div>\n\t\t\t\t\t\t\t<\/div>\n\t\t<\/section>\n\t\t\t\t<section class=\"elementor-section elementor-top-section elementor-element elementor-element-1b71ba6 elementor-section-boxed elementor-section-height-default elementor-section-height-default\" data-id=\"1b71ba6\" data-element_type=\"section\">\n\t\t\t\t\t\t<div class=\"elementor-container elementor-column-gap-default\">\n\t\t\t\t\t<div class=\"elementor-column elementor-col-100 elementor-top-column elementor-element elementor-element-d6dd07b\" data-id=\"d6dd07b\" data-element_type=\"column\">\n\t\t\t<div class=\"elementor-widget-wrap elementor-element-populated\">\n\t\t\t\t\t\t\t\t<div class=\"elementor-element elementor-element-48a4b30 elementor-widget elementor-widget-spacer\" data-id=\"48a4b30\" data-element_type=\"widget\" data-widget_type=\"spacer.default\">\n\t\t\t\t<div class=\"elementor-widget-container\">\n\t\t\t\t\t<div class=\"elementor-spacer\">\n\t\t\t<div class=\"elementor-spacer-inner\"><\/div>\n\t\t<\/div>\n\t\t\t\t<\/div>\n\t\t\t\t<\/div>\n\t\t\t\t\t<\/div>\n\t\t<\/div>\n\t\t\t\t\t\t\t<\/div>\n\t\t<\/section>\n\t\t\t\t<section class=\"elementor-section elementor-top-section elementor-element elementor-element-3306ed6 elementor-section-boxed elementor-section-height-default elementor-section-height-default\" data-id=\"3306ed6\" data-element_type=\"section\">\n\t\t\t\t\t\t<div class=\"elementor-container elementor-column-gap-default\">\n\t\t\t\t\t<div class=\"elementor-column elementor-col-100 elementor-top-column elementor-element elementor-element-47d7b86\" data-id=\"47d7b86\" data-element_type=\"column\">\n\t\t\t<div class=\"elementor-widget-wrap elementor-element-populated\">\n\t\t\t\t\t\t\t\t<div class=\"elementor-element elementor-element-b067fb8 elementor-widget elementor-widget-instive-cf-form\" data-id=\"b067fb8\" data-element_type=\"widget\" data-widget_type=\"instive-cf-form.default\">\n\t\t\t\t<div class=\"elementor-widget-container\">\n\t\t\t  \n        \n\n       <div class=\"ts-form-wrap ts-tab ts-form-wrap-home\">\n            <!-- Nav tabs -->\n            <ul class=\"nav nav-tabs\" role=\"tablist\">\n                           <\/ul>\n           \n            <div class=\"tab-content\">    \n            <!-- Tab panes -->\n                           <\/div>\n            \n      \n            \n            <!-- extra  content -->\n        <\/div>\n    \t\t<\/div>\n\t\t\t\t<\/div>\n\t\t\t\t\t<\/div>\n\t\t<\/div>\n\t\t\t\t\t\t\t<\/div>\n\t\t<\/section>\n\t\t\t\t\t\t\t<\/div>","protected":false},"excerpt":{"rendered":"<p>karijera Svjesni smo da je odnos sa klijentima presudan za obostrani uspjeh u bilo kojem poslu i djelatnosti. Zbog toga nam je va\u017eno da u timu imamo vrhunske profesionalce i da sve njihove aktivnosti budu podre\u0111ene zahtjevima na\u0161ih klijenata i njihovim ciljevima. Istovremeno smo posve\u0107eni pru\u017eanju podr\u0161ke i me\u0111usobnom napredovanju i uva\u017eavanju unutar tima. Uvjereni [&hellip;]<\/p>","protected":false},"author":1,"featured_media":5945,"parent":2180,"menu_order":0,"comment_status":"closed","ping_status":"closed","template":"elementor_header_footer","meta":[],"yoast_head":"<!-- This site is optimized with the Yoast SEO plugin v21.5 - https:\/\/yoast.com\/wordpress\/plugins\/seo\/ -->\n<title>KARIJERA - IFS<\/title>\n<meta name=\"description\" content=\"Ako biste \u017eeljeli da budete dio IFS tima, da usvajate nova znanja i napredujete, po\u0161aljite nam svoju poslovnu biografiju\" \/>\n<meta name=\"robots\" content=\"index, follow, max-snippet:-1, max-image-preview:large, max-video-preview:-1\" \/>\n<link rel=\"canonical\" href=\"https:\/\/ifs.co.me\/en\/o-nama\/karijera\/\" \/>\n<meta property=\"og:locale\" content=\"en_US\" \/>\n<meta property=\"og:type\" content=\"article\" \/>\n<meta property=\"og:title\" content=\"KARIJERA - IFS\" \/>\n<meta property=\"og:description\" content=\"Ako biste \u017eeljeli da budete dio IFS tima, da usvajate nova znanja i napredujete, po\u0161aljite nam svoju poslovnu biografiju\" \/>\n<meta property=\"og:url\" content=\"https:\/\/ifs.co.me\/en\/o-nama\/karijera\/\" \/>\n<meta property=\"og:site_name\" content=\"IFS\" \/>\n<meta property=\"article:modified_time\" content=\"2023-11-09T14:11:57+00:00\" \/>\n<meta property=\"og:image\" content=\"https:\/\/ifs.co.me\/wp-content\/uploads\/2021\/04\/posrednik-u-osiguranju-scaled.jpg\" \/>\n\t<meta property=\"og:image:width\" content=\"2560\" \/>\n\t<meta property=\"og:image:height\" content=\"1511\" \/>\n\t<meta property=\"og:image:type\" content=\"image\/jpeg\" \/>\n<meta name=\"twitter:card\" content=\"summary_large_image\" \/>\n<meta name=\"twitter:label1\" content=\"Est. reading time\" \/>\n\t<meta name=\"twitter:data1\" content=\"1 minute\" \/>\n<script type=\"application\/ld+json\" class=\"yoast-schema-graph\">{\"@context\":\"https:\/\/schema.org\",\"@graph\":[{\"@type\":\"WebPage\",\"@id\":\"https:\/\/ifs.co.me\/o-nama\/karijera\/\",\"url\":\"https:\/\/ifs.co.me\/o-nama\/karijera\/\",\"name\":\"KARIJERA - IFS\",\"isPartOf\":{\"@id\":\"https:\/\/ifs.co.me\/#website\"},\"datePublished\":\"2021-03-22T15:54:11+00:00\",\"dateModified\":\"2023-11-09T14:11:57+00:00\",\"description\":\"Ako biste \u017eeljeli da budete dio IFS tima, da usvajate nova znanja i napredujete, po\u0161aljite nam svoju poslovnu biografiju\",\"breadcrumb\":{\"@id\":\"https:\/\/ifs.co.me\/o-nama\/karijera\/#breadcrumb\"},\"inLanguage\":\"en-US\",\"potentialAction\":[{\"@type\":\"ReadAction\",\"target\":[\"https:\/\/ifs.co.me\/o-nama\/karijera\/\"]}]},{\"@type\":\"BreadcrumbList\",\"@id\":\"https:\/\/ifs.co.me\/o-nama\/karijera\/#breadcrumb\",\"itemListElement\":[{\"@type\":\"ListItem\",\"position\":1,\"name\":\"Home\",\"item\":\"https:\/\/ifs.co.me\/\"},{\"@type\":\"ListItem\",\"position\":2,\"name\":\"O nama\",\"item\":\"https:\/\/ifs.co.me\/o-nama\/\"},{\"@type\":\"ListItem\",\"position\":3,\"name\":\"KARIJERA\"}]},{\"@type\":\"WebSite\",\"@id\":\"https:\/\/ifs.co.me\/#website\",\"url\":\"https:\/\/ifs.co.me\/\",\"name\":\"IFS\",\"description\":\"Insurance Financial Solutions\",\"publisher\":{\"@id\":\"https:\/\/ifs.co.me\/#organization\"},\"potentialAction\":[{\"@type\":\"SearchAction\",\"target\":{\"@type\":\"EntryPoint\",\"urlTemplate\":\"https:\/\/ifs.co.me\/?s={search_term_string}\"},\"query-input\":\"required name=search_term_string\"}],\"inLanguage\":\"en-US\"},{\"@type\":\"Organization\",\"@id\":\"https:\/\/ifs.co.me\/#organization\",\"name\":\"IFS\",\"url\":\"https:\/\/ifs.co.me\/\",\"logo\":{\"@type\":\"ImageObject\",\"inLanguage\":\"en-US\",\"@id\":\"https:\/\/ifs.co.me\/#\/schema\/logo\/image\/\",\"url\":\"https:\/\/ifs.co.me\/wp-content\/uploads\/2022\/10\/Background.png\",\"contentUrl\":\"https:\/\/ifs.co.me\/wp-content\/uploads\/2022\/10\/Background.png\",\"width\":2844,\"height\":720,\"caption\":\"IFS\"},\"image\":{\"@id\":\"https:\/\/ifs.co.me\/#\/schema\/logo\/image\/\"}}]}<\/script>\n<!-- \/ Yoast SEO plugin. -->","yoast_head_json":{"title":"KARIJERA - IFS","description":"Ako biste \u017eeljeli da budete dio IFS tima, da usvajate nova znanja i napredujete, po\u0161aljite nam svoju poslovnu biografiju","robots":{"index":"index","follow":"follow","max-snippet":"max-snippet:-1","max-image-preview":"max-image-preview:large","max-video-preview":"max-video-preview:-1"},"canonical":"https:\/\/ifs.co.me\/en\/o-nama\/karijera\/","og_locale":"en_US","og_type":"article","og_title":"KARIJERA - IFS","og_description":"Ako biste \u017eeljeli da budete dio IFS tima, da usvajate nova znanja i napredujete, po\u0161aljite nam svoju poslovnu biografiju","og_url":"https:\/\/ifs.co.me\/en\/o-nama\/karijera\/","og_site_name":"IFS","article_modified_time":"2023-11-09T14:11:57+00:00","og_image":[{"width":2560,"height":1511,"url":"https:\/\/ifs.co.me\/wp-content\/uploads\/2021\/04\/posrednik-u-osiguranju-scaled.jpg","type":"image\/jpeg"}],"twitter_card":"summary_large_image","twitter_misc":{"Est. reading time":"1 minute"},"schema":{"@context":"https:\/\/schema.org","@graph":[{"@type":"WebPage","@id":"https:\/\/ifs.co.me\/o-nama\/karijera\/","url":"https:\/\/ifs.co.me\/o-nama\/karijera\/","name":"KARIJERA - IFS","isPartOf":{"@id":"https:\/\/ifs.co.me\/#website"},"datePublished":"2021-03-22T15:54:11+00:00","dateModified":"2023-11-09T14:11:57+00:00","description":"Ako biste \u017eeljeli da budete dio IFS tima, da usvajate nova znanja i napredujete, po\u0161aljite nam svoju poslovnu biografiju","breadcrumb":{"@id":"https:\/\/ifs.co.me\/o-nama\/karijera\/#breadcrumb"},"inLanguage":"en-US","potentialAction":[{"@type":"ReadAction","target":["https:\/\/ifs.co.me\/o-nama\/karijera\/"]}]},{"@type":"BreadcrumbList","@id":"https:\/\/ifs.co.me\/o-nama\/karijera\/#breadcrumb","itemListElement":[{"@type":"ListItem","position":1,"name":"Home","item":"https:\/\/ifs.co.me\/"},{"@type":"ListItem","position":2,"name":"O nama","item":"https:\/\/ifs.co.me\/o-nama\/"},{"@type":"ListItem","position":3,"name":"KARIJERA"}]},{"@type":"WebSite","@id":"https:\/\/ifs.co.me\/#website","url":"https:\/\/ifs.co.me\/","name":"IFS","description":"Insurance Financial Solutions","publisher":{"@id":"https:\/\/ifs.co.me\/#organization"},"potentialAction":[{"@type":"SearchAction","target":{"@type":"EntryPoint","urlTemplate":"https:\/\/ifs.co.me\/?s={search_term_string}"},"query-input":"required name=search_term_string"}],"inLanguage":"en-US"},{"@type":"Organization","@id":"https:\/\/ifs.co.me\/#organization","name":"IFS","url":"https:\/\/ifs.co.me\/","logo":{"@type":"ImageObject","inLanguage":"en-US","@id":"https:\/\/ifs.co.me\/#\/schema\/logo\/image\/","url":"https:\/\/ifs.co.me\/wp-content\/uploads\/2022\/10\/Background.png","contentUrl":"https:\/\/ifs.co.me\/wp-content\/uploads\/2022\/10\/Background.png","width":2844,"height":720,"caption":"IFS"},"image":{"@id":"https:\/\/ifs.co.me\/#\/schema\/logo\/image\/"}}]}},"_links":{"self":[{"href":"https:\/\/ifs.co.me\/en\/wp-json\/wp\/v2\/pages\/4949"}],"collection":[{"href":"https:\/\/ifs.co.me\/en\/wp-json\/wp\/v2\/pages"}],"about":[{"href":"https:\/\/ifs.co.me\/en\/wp-json\/wp\/v2\/types\/page"}],"author":[{"embeddable":true,"href":"https:\/\/ifs.co.me\/en\/wp-json\/wp\/v2\/users\/1"}],"replies":[{"embeddable":true,"href":"https:\/\/ifs.co.me\/en\/wp-json\/wp\/v2\/comments?post=4949"}],"version-history":[{"count":6,"href":"https:\/\/ifs.co.me\/en\/wp-json\/wp\/v2\/pages\/4949\/revisions"}],"predecessor-version":[{"id":6874,"href":"https:\/\/ifs.co.me\/en\/wp-json\/wp\/v2\/pages\/4949\/revisions\/6874"}],"up":[{"embeddable":true,"href":"https:\/\/ifs.co.me\/en\/wp-json\/wp\/v2\/pages\/2180"}],"wp:featuredmedia":[{"embeddable":true,"href":"https:\/\/ifs.co.me\/en\/wp-json\/wp\/v2\/media\/5945"}],"wp:attachment":[{"href":"https:\/\/ifs.co.me\/en\/wp-json\/wp\/v2\/media?parent=4949"}],"curies":[{"name":"wp","href":"https:\/\/api.w.org\/{rel}","templated":true}]}}