{"id":4956,"date":"2021-03-22T15:58:56","date_gmt":"2021-03-22T15:58:56","guid":{"rendered":"https:\/\/ifs.co.me\/?page_id=4956"},"modified":"2021-04-23T09:42:39","modified_gmt":"2021-04-23T09:42:39","slug":"ifs-usluge","status":"publish","type":"page","link":"https:\/\/ifs.co.me\/en\/usluge\/ifs-usluge\/","title":{"rendered":"IFS SERVICES"},"content":{"rendered":"<div data-elementor-type=\"wp-page\" data-elementor-id=\"4956\" class=\"elementor elementor-4956\">\n\t\t\t\t\t\t\t\t\t<section class=\"elementor-section elementor-top-section elementor-element elementor-element-902f38f elementor-section-boxed elementor-section-height-default elementor-section-height-default\" data-id=\"902f38f\" data-element_type=\"section\">\n\t\t\t\t\t\t<div class=\"elementor-container elementor-column-gap-default\">\n\t\t\t\t\t<div class=\"elementor-column elementor-col-100 elementor-top-column elementor-element elementor-element-da5062d\" data-id=\"da5062d\" data-element_type=\"column\">\n\t\t\t<div class=\"elementor-widget-wrap elementor-element-populated\">\n\t\t\t\t\t\t\t\t<div class=\"elementor-element elementor-element-e355bf5 elementor-widget elementor-widget-spacer\" data-id=\"e355bf5\" data-element_type=\"widget\" data-widget_type=\"spacer.default\">\n\t\t\t\t<div class=\"elementor-widget-container\">\n\t\t\t\t\t<div class=\"elementor-spacer\">\n\t\t\t<div class=\"elementor-spacer-inner\"><\/div>\n\t\t<\/div>\n\t\t\t\t<\/div>\n\t\t\t\t<\/div>\n\t\t\t\t\t<\/div>\n\t\t<\/div>\n\t\t\t\t\t\t\t<\/div>\n\t\t<\/section>\n\t\t\t\t<section class=\"elementor-section elementor-top-section elementor-element elementor-element-5a45a23 elementor-section-boxed elementor-section-height-default elementor-section-height-default\" data-id=\"5a45a23\" data-element_type=\"section\">\n\t\t\t\t\t\t<div class=\"elementor-container elementor-column-gap-default\">\n\t\t\t\t\t<div class=\"elementor-column elementor-col-100 elementor-top-column elementor-element elementor-element-d17d4e8\" data-id=\"d17d4e8\" data-element_type=\"column\">\n\t\t\t<div class=\"elementor-widget-wrap elementor-element-populated\">\n\t\t\t\t\t\t\t\t<div class=\"elementor-element elementor-element-08569f0 elementor-widget elementor-widget-heading\" data-id=\"08569f0\" data-element_type=\"widget\" data-widget_type=\"heading.default\">\n\t\t\t\t<div class=\"elementor-widget-container\">\n\t\t\t<h2 class=\"elementor-heading-title elementor-size-default\">IFS SERVICES<\/h2>\t\t<\/div>\n\t\t\t\t<\/div>\n\t\t\t\t\t<\/div>\n\t\t<\/div>\n\t\t\t\t\t\t\t<\/div>\n\t\t<\/section>\n\t\t\t\t<section class=\"elementor-section elementor-top-section elementor-element elementor-element-1d5cecd elementor-section-boxed elementor-section-height-default elementor-section-height-default\" data-id=\"1d5cecd\" data-element_type=\"section\">\n\t\t\t\t\t\t<div class=\"elementor-container elementor-column-gap-default\">\n\t\t\t\t\t<div class=\"elementor-column elementor-col-100 elementor-top-column elementor-element elementor-element-1e721a2\" data-id=\"1e721a2\" data-element_type=\"column\">\n\t\t\t<div class=\"elementor-widget-wrap elementor-element-populated\">\n\t\t\t\t\t\t\t\t<div class=\"elementor-element elementor-element-68425ed elementor-widget elementor-widget-spacer\" data-id=\"68425ed\" data-element_type=\"widget\" data-widget_type=\"spacer.default\">\n\t\t\t\t<div class=\"elementor-widget-container\">\n\t\t\t\t\t<div class=\"elementor-spacer\">\n\t\t\t<div class=\"elementor-spacer-inner\"><\/div>\n\t\t<\/div>\n\t\t\t\t<\/div>\n\t\t\t\t<\/div>\n\t\t\t\t\t<\/div>\n\t\t<\/div>\n\t\t\t\t\t\t\t<\/div>\n\t\t<\/section>\n\t\t\t\t<section class=\"elementor-section elementor-top-section elementor-element elementor-element-4e769a2c elementor-hidden-tablet elementor-hidden-phone elementor-section-boxed elementor-section-height-default elementor-section-height-default\" data-id=\"4e769a2c\" data-element_type=\"section\">\n\t\t\t\t\t\t<div class=\"elementor-container elementor-column-gap-default\">\n\t\t\t\t\t<div class=\"elementor-column elementor-col-100 elementor-top-column elementor-element elementor-element-667b0b2d\" data-id=\"667b0b2d\" data-element_type=\"column\">\n\t\t\t<div class=\"elementor-widget-wrap elementor-element-populated\">\n\t\t\t\t\t\t\t\t<div class=\"elementor-element elementor-element-24a8e67b elementor-widget elementor-widget-text-editor\" data-id=\"24a8e67b\" data-element_type=\"widget\" data-widget_type=\"text-editor.default\">\n\t\t\t\t<div class=\"elementor-widget-container\">\n\t\t\t\t\t\t\t<p style=\"text-align: justify;\">Insurance is becoming an increasingly important aspect of life and business, especially in unpredictable circumstances and facing numerous risks that surround us.<\/p><p style=\"text-align: justify;\">For companies and individuals, it is important to recognize possible risks and contribute to their reduction by providing adequate insurance.<\/p><p style=\"text-align: justify;\"><span style=\"color: #019a49;\">Among the services that Insurance Financial Solutions (IFS) offers to its clients, we highlight the following:<\/span><\/p><ul><li style=\"text-align: justify;\">Recognizing risks and the client's need for insurance,<\/li><li style=\"text-align: justify;\">Analysis of existing insurance coverage and counselling regarding standard and non-standard types of insurance,<\/li><li style=\"text-align: justify;\">Preparation of policy reviews (depending on the type of insurance, different types of reports, etc.),<\/li><li style=\"text-align: justify;\">Preparation of requests for insurance offers from insurers,<\/li><li style=\"text-align: justify;\">Organizing insurance coverage, in accordance with legal obligations, creditor requirements and client needs,<\/li><li style=\"text-align: justify;\">Providing the best conditions and prices of insurance on the market,<\/li><li style=\"text-align: justify;\">Ensuring that the client, in addition to the best conditions and prices, receives bonuses, additional discounts, etc.,<\/li><li style=\"text-align: justify;\">Monitoring the collection and due dates for insurance policy renewals,<\/li><li style=\"text-align: justify;\">Support in the procedures of application, assessment and collection of claims,<\/li><li style=\"text-align: justify;\">Monitoring changes in the market and advising the client in accordance with the best practices on the national and international market.<\/li><\/ul>\t\t\t\t\t\t<\/div>\n\t\t\t\t<\/div>\n\t\t\t\t\t<\/div>\n\t\t<\/div>\n\t\t\t\t\t\t\t<\/div>\n\t\t<\/section>\n\t\t\t\t<section class=\"elementor-section elementor-top-section elementor-element elementor-element-bcddbae elementor-hidden-desktop elementor-section-boxed elementor-section-height-default elementor-section-height-default\" data-id=\"bcddbae\" data-element_type=\"section\">\n\t\t\t\t\t\t<div class=\"elementor-container elementor-column-gap-default\">\n\t\t\t\t\t<div class=\"elementor-column elementor-col-100 elementor-top-column elementor-element elementor-element-3192c4e\" data-id=\"3192c4e\" data-element_type=\"column\">\n\t\t\t<div class=\"elementor-widget-wrap elementor-element-populated\">\n\t\t\t\t\t\t\t\t<div class=\"elementor-element elementor-element-f88366e elementor-widget elementor-widget-text-editor\" data-id=\"f88366e\" data-element_type=\"widget\" data-widget_type=\"text-editor.default\">\n\t\t\t\t<div class=\"elementor-widget-container\">\n\t\t\t\t\t\t\t<p style=\"text-align: justify;\">Insurance is becoming an increasingly important aspect of life and business, especially in unpredictable circumstances and facing numerous risks that surround us.<\/p>\n<p style=\"text-align: justify;\">Za&nbsp; privredna dru\u0161tva i fizi\u010dka lica va\u017eno je da se prepoznaju mogu\u0107i rizici i da se adekvatnim osiguranjem doprinese njihovom smanjenju.<\/p>\n<p style=\"text-align: justify;\"><span style=\"color: #019a49;\">Among the services that Insurance Financial Solutions (IFS) offers to its clients, we highlight the following:<\/span><\/p>\n<ul>\n<li style=\"text-align: justify;\">Recognizing risks and the client's need for insurance,<\/li>\n<li style=\"text-align: justify;\">Analysis of existing insurance coverage and counselling regarding standard and non-standard types of insurance,<\/li>\n<li style=\"text-align: justify;\">Preparation of policy reviews (depending on the type of insurance, different types of reports, etc.),<\/li>\n<li style=\"text-align: justify;\">Preparation of requests for insurance offers from insurers,<\/li>\n<li style=\"text-align: justify;\">Organizing insurance coverage, in accordance with legal obligations, creditor requirements and client needs,<\/li>\n<li style=\"text-align: justify;\">Providing the best conditions and prices of insurance on the market,<\/li>\n<li style=\"text-align: justify;\">Ensuring that the client, in addition to the best conditions and prices, receives bonuses, additional discounts, etc.,<\/li>\n<li style=\"text-align: justify;\">Monitoring the collection and due dates for insurance policy renewals,<\/li>\n<li style=\"text-align: justify;\">Support in the procedures of application, assessment and collection of claims,<\/li>\n<li style=\"text-align: justify;\">Monitoring changes in the market and advising the client in accordance with the best practices on the national and international market.<\/li>\n<\/ul>\t\t\t\t\t\t<\/div>\n\t\t\t\t<\/div>\n\t\t\t\t\t<\/div>\n\t\t<\/div>\n\t\t\t\t\t\t\t<\/div>\n\t\t<\/section>\n\t\t\t\t<section class=\"elementor-section elementor-top-section elementor-element elementor-element-c983c09 elementor-section-boxed elementor-section-height-default elementor-section-height-default\" data-id=\"c983c09\" data-element_type=\"section\">\n\t\t\t\t\t\t<div class=\"elementor-container elementor-column-gap-default\">\n\t\t\t\t\t<div class=\"elementor-column elementor-col-100 elementor-top-column elementor-element elementor-element-5a4f027\" data-id=\"5a4f027\" data-element_type=\"column\">\n\t\t\t<div class=\"elementor-widget-wrap elementor-element-populated\">\n\t\t\t\t\t\t\t\t<div class=\"elementor-element elementor-element-f7a1f0c elementor-widget elementor-widget-spacer\" data-id=\"f7a1f0c\" data-element_type=\"widget\" data-widget_type=\"spacer.default\">\n\t\t\t\t<div class=\"elementor-widget-container\">\n\t\t\t\t\t<div class=\"elementor-spacer\">\n\t\t\t<div class=\"elementor-spacer-inner\"><\/div>\n\t\t<\/div>\n\t\t\t\t<\/div>\n\t\t\t\t<\/div>\n\t\t\t\t\t<\/div>\n\t\t<\/div>\n\t\t\t\t\t\t\t<\/div>\n\t\t<\/section>\n\t\t\t\t<section class=\"elementor-section elementor-top-section elementor-element elementor-element-90c1ace cta elementor-section-boxed elementor-section-height-default elementor-section-height-default\" data-id=\"90c1ace\" data-element_type=\"section\">\n\t\t\t\t\t\t<div class=\"elementor-container elementor-column-gap-default\">\n\t\t\t\t\t<div class=\"elementor-column elementor-col-100 elementor-top-column elementor-element elementor-element-4a116d52 cta\" data-id=\"4a116d52\" data-element_type=\"column\" data-settings=\"{&quot;background_background&quot;:&quot;classic&quot;}\">\n\t\t\t<div class=\"elementor-widget-wrap elementor-element-populated\">\n\t\t\t\t\t<div class=\"elementor-background-overlay\"><\/div>\n\t\t\t\t\t\t\t\t<section class=\"elementor-section elementor-inner-section elementor-element elementor-element-3c8edce1 elementor-section-boxed elementor-section-height-default elementor-section-height-default\" data-id=\"3c8edce1\" data-element_type=\"section\">\n\t\t\t\t\t\t<div class=\"elementor-container elementor-column-gap-default\">\n\t\t\t\t\t<div class=\"elementor-column elementor-col-50 elementor-inner-column elementor-element elementor-element-3bdc35de\" data-id=\"3bdc35de\" data-element_type=\"column\">\n\t\t\t<div class=\"elementor-widget-wrap elementor-element-populated\">\n\t\t\t\t\t\t\t\t<div class=\"elementor-element elementor-element-c4b88f7 elementor-widget elementor-widget-text-editor\" data-id=\"c4b88f7\" data-element_type=\"widget\" data-widget_type=\"text-editor.default\">\n\t\t\t\t<div class=\"elementor-widget-container\">\n\t\t\t\t\t\t\t<p style=\"text-align: left;\"><strong>Not sure what you or your company needs?<\/strong><\/p><p style=\"text-align: left;\">Find out in just a few steps\u2026<\/p>\t\t\t\t\t\t<\/div>\n\t\t\t\t<\/div>\n\t\t\t\t\t<\/div>\n\t\t<\/div>\n\t\t\t\t<div class=\"elementor-column elementor-col-50 elementor-inner-column elementor-element elementor-element-a002cc\" data-id=\"a002cc\" data-element_type=\"column\">\n\t\t\t<div class=\"elementor-widget-wrap elementor-element-populated\">\n\t\t\t\t\t\t\t\t<div class=\"elementor-element elementor-element-422b64c elementor-widget elementor-widget-instive-popup\" data-id=\"422b64c\" data-element_type=\"widget\" data-widget_type=\"instive-popup.default\">\n\t\t\t\t<div class=\"elementor-widget-container\">\n\t\t\t\n        <div class=\"instive-popup-btn\">\n            <a href=\"#popup422b64c\" class=\"instive-popup btn btn-primary\" data-effect=\"instivebounceInDown\">\n                <i aria-hidden=\"true\" class=\"fas fa-envelope\"><\/i>                Write to us            <\/a>\n        <\/div>\n        <div id=\"popup422b64c\" class=\"container mfp-hide instive-shortcode-popup instive_animated instivebounceInDown\">\n            <div class=\"instive-popup-wrap\">\n                [metform form_id=\"4578\"]            <\/div>\n        <\/div>\n\n\t\t<\/div>\n\t\t\t\t<\/div>\n\t\t\t\t\t<\/div>\n\t\t<\/div>\n\t\t\t\t\t\t\t<\/div>\n\t\t<\/section>\n\t\t\t\t\t<\/div>\n\t\t<\/div>\n\t\t\t\t\t\t\t<\/div>\n\t\t<\/section>\n\t\t\t\t<section class=\"elementor-section elementor-top-section elementor-element elementor-element-1218fe8 elementor-section-content-middle elementor-section-boxed elementor-section-height-default elementor-section-height-default\" data-id=\"1218fe8\" data-element_type=\"section\" data-settings=\"{&quot;background_background&quot;:&quot;classic&quot;}\">\n\t\t\t\t\t\t\t<div class=\"elementor-background-overlay\"><\/div>\n\t\t\t\t\t\t\t<div class=\"elementor-container elementor-column-gap-default\">\n\t\t\t\t\t<div class=\"elementor-column elementor-col-50 elementor-top-column elementor-element elementor-element-728d59ce\" data-id=\"728d59ce\" data-element_type=\"column\">\n\t\t\t<div class=\"elementor-widget-wrap elementor-element-populated\">\n\t\t\t\t\t\t\t\t<div class=\"elementor-element elementor-element-b099d8a elementor-widget elementor-widget-elementskit-heading\" data-id=\"b099d8a\" data-element_type=\"widget\" data-widget_type=\"elementskit-heading.default\">\n\t\t\t\t<div class=\"elementor-widget-container\">\n\t\t\t<div class=\"ekit-wid-con\" ><div class=\"ekit-heading elementskit-section-title-wraper    ekit_heading_tablet-   ekit_heading_mobile-\"><h2 class=\"ekit-heading--title elementskit-section-title\">YOU DECIDED TO GET INSURANCE?<\/h2>\t\t\t\t<div class='ekit-heading__description'>\n\t\t\t\t\t<p>There are many questions and possibilities. You can't be sure what tomorrow will bring, but it's certainly good to have a safe partner\u2026<\/p>\n\t\t\t\t<\/div>\n\t\t\t<\/div><\/div>\t\t<\/div>\n\t\t\t\t<\/div>\n\t\t\t\t<div class=\"elementor-element elementor-element-149557a1 elementor-widget elementor-widget-elementskit-button\" data-id=\"149557a1\" data-element_type=\"widget\" data-widget_type=\"elementskit-button.default\">\n\t\t\t\t<div class=\"elementor-widget-container\">\n\t\t\t<div class=\"ekit-wid-con\" >\t\t<div class=\"ekit-btn-wraper\">\n\t\t\t\t\t\t\t<a href=\"https:\/\/ifs.co.me\/en\/odlucili-ste-se-osigurati\/\" class=\"elementskit-btn  whitespace--normal\" >\n\t\t\t\t\t\n\t\t\t\t\t<i aria-hidden=\"true\" class=\"fas fa-bell\"><\/i>\n\t\t\t\t\tsAZNAJTE VI\u0160E\t\t\t\t<\/a>\n\t\t\t\t\t\t<\/div>\n        <\/div>\t\t<\/div>\n\t\t\t\t<\/div>\n\t\t\t\t\t<\/div>\n\t\t<\/div>\n\t\t\t\t<div class=\"elementor-column elementor-col-50 elementor-top-column elementor-element elementor-element-20113e63\" data-id=\"20113e63\" data-element_type=\"column\">\n\t\t\t<div class=\"elementor-widget-wrap elementor-element-populated\">\n\t\t\t\t\t\t\t\t<div class=\"elementor-element elementor-element-3d2678b7 elementor-widget elementor-widget-image\" data-id=\"3d2678b7\" data-element_type=\"widget\" data-widget_type=\"image.default\">\n\t\t\t\t<div class=\"elementor-widget-container\">\n\t\t\t\t\t\t\t\t\t\t\t\t\t\t\t<img decoding=\"async\" width=\"461\" height=\"283\" src=\"https:\/\/ifs.co.me\/wp-content\/uploads\/2019\/09\/offer_section_image1.jpg\" class=\"attachment-large size-large wp-image-2386\" alt=\"\" loading=\"lazy\" srcset=\"https:\/\/ifs.co.me\/wp-content\/uploads\/2019\/09\/offer_section_image1.jpg 461w, https:\/\/ifs.co.me\/wp-content\/uploads\/2019\/09\/offer_section_image1-300x184.jpg 300w\" sizes=\"(max-width: 461px) 100vw, 461px\" \/>\t\t\t\t\t\t\t\t\t\t\t\t\t\t\t<\/div>\n\t\t\t\t<\/div>\n\t\t\t\t<section class=\"elementor-section elementor-inner-section elementor-element elementor-element-493fb190 elementor-section-boxed elementor-section-height-default elementor-section-height-default\" data-id=\"493fb190\" data-element_type=\"section\">\n\t\t\t\t\t\t<div class=\"elementor-container elementor-column-gap-default\">\n\t\t\t\t\t<div class=\"elementor-column elementor-col-50 elementor-inner-column elementor-element elementor-element-122c5c9f\" data-id=\"122c5c9f\" data-element_type=\"column\">\n\t\t\t<div class=\"elementor-widget-wrap elementor-element-populated\">\n\t\t\t\t\t\t\t\t<div class=\"elementor-element elementor-element-334634a6 elementor-hidden-tablet elementor-hidden-phone elementor-widget elementor-widget-image\" data-id=\"334634a6\" data-element_type=\"widget\" data-widget_type=\"image.default\">\n\t\t\t\t<div class=\"elementor-widget-container\">\n\t\t\t\t\t\t\t\t\t\t\t\t\t\t\t<img decoding=\"async\" width=\"536\" height=\"356\" src=\"https:\/\/ifs.co.me\/wp-content\/uploads\/2019\/08\/quote_image.png\" class=\"attachment-full size-full wp-image-808\" alt=\"\" loading=\"lazy\" srcset=\"https:\/\/ifs.co.me\/wp-content\/uploads\/2019\/08\/quote_image.png 536w, https:\/\/ifs.co.me\/wp-content\/uploads\/2019\/08\/quote_image-300x199.png 300w\" sizes=\"(max-width: 536px) 100vw, 536px\" \/>\t\t\t\t\t\t\t\t\t\t\t\t\t\t\t<\/div>\n\t\t\t\t<\/div>\n\t\t\t\t\t<\/div>\n\t\t<\/div>\n\t\t\t\t<div class=\"elementor-column elementor-col-50 elementor-inner-column elementor-element elementor-element-7b782617\" data-id=\"7b782617\" data-element_type=\"column\">\n\t\t\t<div class=\"elementor-widget-wrap elementor-element-populated\">\n\t\t\t\t\t\t\t\t<div class=\"elementor-element elementor-element-67c860fc elementor-hidden-tablet elementor-hidden-phone elementor-widget elementor-widget-image\" data-id=\"67c860fc\" data-element_type=\"widget\" data-widget_type=\"image.default\">\n\t\t\t\t<div class=\"elementor-widget-container\">\n\t\t\t\t\t\t\t\t\t\t\t\t\t\t\t<img decoding=\"async\" width=\"800\" height=\"534\" src=\"https:\/\/ifs.co.me\/wp-content\/uploads\/2021\/03\/ifs-tim-1024x683.jpg\" class=\"attachment-large size-large wp-image-4739\" alt=\"\" loading=\"lazy\" srcset=\"https:\/\/ifs.co.me\/wp-content\/uploads\/2021\/03\/ifs-tim-1024x683.jpg 1024w, https:\/\/ifs.co.me\/wp-content\/uploads\/2021\/03\/ifs-tim-300x200.jpg 300w, https:\/\/ifs.co.me\/wp-content\/uploads\/2021\/03\/ifs-tim-768x512.jpg 768w, https:\/\/ifs.co.me\/wp-content\/uploads\/2021\/03\/ifs-tim-1536x1024.jpg 1536w, https:\/\/ifs.co.me\/wp-content\/uploads\/2021\/03\/ifs-tim-2048x1365.jpg 2048w\" sizes=\"(max-width: 800px) 100vw, 800px\" \/>\t\t\t\t\t\t\t\t\t\t\t\t\t\t\t<\/div>\n\t\t\t\t<\/div>\n\t\t\t\t\t<\/div>\n\t\t<\/div>\n\t\t\t\t\t\t\t<\/div>\n\t\t<\/section>\n\t\t\t\t\t<\/div>\n\t\t<\/div>\n\t\t\t\t\t\t\t<\/div>\n\t\t<\/section>\n\t\t\t\t\t\t\t<\/div>","protected":false},"excerpt":{"rendered":"<p>IFS USLUGE Osiguranje postaje sve va\u017eniji aspekt \u017eivota i biznisa, posebno u nepredvidivim okolnostima i suo\u010davanjima sa brojnim rizicima koji nas okru\u017euju. Za\u00a0 privredna dru\u0161tva i fizi\u010dka lica va\u017eno je da se prepoznaju mogu\u0107i rizici i da se adekvatnim osiguranjem doprinese njihovom smanjenju. Me\u0111u uslugama koje Insurance Financial Solutions (IFS) nudi svojim klijentima izdvajamo: Prepoznavanje [&hellip;]<\/p>","protected":false},"author":1,"featured_media":0,"parent":2352,"menu_order":0,"comment_status":"closed","ping_status":"closed","template":"elementor_header_footer","meta":[],"yoast_head":"<!-- This site is optimized with the Yoast SEO plugin v21.5 - https:\/\/yoast.com\/wordpress\/plugins\/seo\/ -->\n<title>IFS USLUGE - IFS<\/title>\n<meta name=\"robots\" content=\"index, follow, max-snippet:-1, max-image-preview:large, max-video-preview:-1\" \/>\n<link rel=\"canonical\" href=\"https:\/\/ifs.co.me\/en\/usluge\/ifs-usluge\/\" \/>\n<meta property=\"og:locale\" content=\"en_US\" \/>\n<meta property=\"og:type\" content=\"article\" \/>\n<meta property=\"og:title\" content=\"IFS USLUGE - IFS\" \/>\n<meta property=\"og:description\" content=\"IFS USLUGE Osiguranje postaje sve va\u017eniji aspekt \u017eivota i biznisa, posebno u nepredvidivim okolnostima i suo\u010davanjima sa brojnim rizicima koji nas okru\u017euju. Za\u00a0 privredna dru\u0161tva i fizi\u010dka lica va\u017eno je da se prepoznaju mogu\u0107i rizici i da se adekvatnim osiguranjem doprinese njihovom smanjenju. Me\u0111u uslugama koje Insurance Financial Solutions (IFS) nudi svojim klijentima izdvajamo: Prepoznavanje [&hellip;]\" \/>\n<meta property=\"og:url\" content=\"https:\/\/ifs.co.me\/en\/usluge\/ifs-usluge\/\" \/>\n<meta property=\"og:site_name\" content=\"IFS\" \/>\n<meta property=\"article:modified_time\" content=\"2021-04-23T09:42:39+00:00\" \/>\n<meta property=\"og:image\" content=\"https:\/\/ifs.co.me\/wp-content\/uploads\/2019\/09\/offer_section_image1.jpg\" \/>\n<meta name=\"twitter:card\" content=\"summary_large_image\" \/>\n<meta name=\"twitter:label1\" content=\"Est. reading time\" \/>\n\t<meta name=\"twitter:data1\" content=\"4 minutes\" \/>\n<script type=\"application\/ld+json\" class=\"yoast-schema-graph\">{\"@context\":\"https:\/\/schema.org\",\"@graph\":[{\"@type\":\"WebPage\",\"@id\":\"https:\/\/ifs.co.me\/usluge\/ifs-usluge\/\",\"url\":\"https:\/\/ifs.co.me\/usluge\/ifs-usluge\/\",\"name\":\"IFS USLUGE - IFS\",\"isPartOf\":{\"@id\":\"https:\/\/ifs.co.me\/#website\"},\"datePublished\":\"2021-03-22T15:58:56+00:00\",\"dateModified\":\"2021-04-23T09:42:39+00:00\",\"breadcrumb\":{\"@id\":\"https:\/\/ifs.co.me\/usluge\/ifs-usluge\/#breadcrumb\"},\"inLanguage\":\"en-US\",\"potentialAction\":[{\"@type\":\"ReadAction\",\"target\":[\"https:\/\/ifs.co.me\/usluge\/ifs-usluge\/\"]}]},{\"@type\":\"BreadcrumbList\",\"@id\":\"https:\/\/ifs.co.me\/usluge\/ifs-usluge\/#breadcrumb\",\"itemListElement\":[{\"@type\":\"ListItem\",\"position\":1,\"name\":\"Home\",\"item\":\"https:\/\/ifs.co.me\/\"},{\"@type\":\"ListItem\",\"position\":2,\"name\":\"USLUGE\",\"item\":\"https:\/\/ifs.co.me\/usluge\/\"},{\"@type\":\"ListItem\",\"position\":3,\"name\":\"IFS USLUGE\"}]},{\"@type\":\"WebSite\",\"@id\":\"https:\/\/ifs.co.me\/#website\",\"url\":\"https:\/\/ifs.co.me\/\",\"name\":\"IFS\",\"description\":\"Insurance Financial Solutions\",\"publisher\":{\"@id\":\"https:\/\/ifs.co.me\/#organization\"},\"potentialAction\":[{\"@type\":\"SearchAction\",\"target\":{\"@type\":\"EntryPoint\",\"urlTemplate\":\"https:\/\/ifs.co.me\/?s={search_term_string}\"},\"query-input\":\"required name=search_term_string\"}],\"inLanguage\":\"en-US\"},{\"@type\":\"Organization\",\"@id\":\"https:\/\/ifs.co.me\/#organization\",\"name\":\"IFS\",\"url\":\"https:\/\/ifs.co.me\/\",\"logo\":{\"@type\":\"ImageObject\",\"inLanguage\":\"en-US\",\"@id\":\"https:\/\/ifs.co.me\/#\/schema\/logo\/image\/\",\"url\":\"https:\/\/ifs.co.me\/wp-content\/uploads\/2022\/10\/Background.png\",\"contentUrl\":\"https:\/\/ifs.co.me\/wp-content\/uploads\/2022\/10\/Background.png\",\"width\":2844,\"height\":720,\"caption\":\"IFS\"},\"image\":{\"@id\":\"https:\/\/ifs.co.me\/#\/schema\/logo\/image\/\"}}]}<\/script>\n<!-- \/ Yoast SEO plugin. -->","yoast_head_json":{"title":"IFS USLUGE - IFS","robots":{"index":"index","follow":"follow","max-snippet":"max-snippet:-1","max-image-preview":"max-image-preview:large","max-video-preview":"max-video-preview:-1"},"canonical":"https:\/\/ifs.co.me\/en\/usluge\/ifs-usluge\/","og_locale":"en_US","og_type":"article","og_title":"IFS USLUGE - IFS","og_description":"IFS USLUGE Osiguranje postaje sve va\u017eniji aspekt \u017eivota i biznisa, posebno u nepredvidivim okolnostima i suo\u010davanjima sa brojnim rizicima koji nas okru\u017euju. Za\u00a0 privredna dru\u0161tva i fizi\u010dka lica va\u017eno je da se prepoznaju mogu\u0107i rizici i da se adekvatnim osiguranjem doprinese njihovom smanjenju. Me\u0111u uslugama koje Insurance Financial Solutions (IFS) nudi svojim klijentima izdvajamo: Prepoznavanje [&hellip;]","og_url":"https:\/\/ifs.co.me\/en\/usluge\/ifs-usluge\/","og_site_name":"IFS","article_modified_time":"2021-04-23T09:42:39+00:00","og_image":[{"url":"https:\/\/ifs.co.me\/wp-content\/uploads\/2019\/09\/offer_section_image1.jpg"}],"twitter_card":"summary_large_image","twitter_misc":{"Est. reading time":"4 minutes"},"schema":{"@context":"https:\/\/schema.org","@graph":[{"@type":"WebPage","@id":"https:\/\/ifs.co.me\/usluge\/ifs-usluge\/","url":"https:\/\/ifs.co.me\/usluge\/ifs-usluge\/","name":"IFS USLUGE - IFS","isPartOf":{"@id":"https:\/\/ifs.co.me\/#website"},"datePublished":"2021-03-22T15:58:56+00:00","dateModified":"2021-04-23T09:42:39+00:00","breadcrumb":{"@id":"https:\/\/ifs.co.me\/usluge\/ifs-usluge\/#breadcrumb"},"inLanguage":"en-US","potentialAction":[{"@type":"ReadAction","target":["https:\/\/ifs.co.me\/usluge\/ifs-usluge\/"]}]},{"@type":"BreadcrumbList","@id":"https:\/\/ifs.co.me\/usluge\/ifs-usluge\/#breadcrumb","itemListElement":[{"@type":"ListItem","position":1,"name":"Home","item":"https:\/\/ifs.co.me\/"},{"@type":"ListItem","position":2,"name":"USLUGE","item":"https:\/\/ifs.co.me\/usluge\/"},{"@type":"ListItem","position":3,"name":"IFS USLUGE"}]},{"@type":"WebSite","@id":"https:\/\/ifs.co.me\/#website","url":"https:\/\/ifs.co.me\/","name":"IFS","description":"Insurance Financial Solutions","publisher":{"@id":"https:\/\/ifs.co.me\/#organization"},"potentialAction":[{"@type":"SearchAction","target":{"@type":"EntryPoint","urlTemplate":"https:\/\/ifs.co.me\/?s={search_term_string}"},"query-input":"required name=search_term_string"}],"inLanguage":"en-US"},{"@type":"Organization","@id":"https:\/\/ifs.co.me\/#organization","name":"IFS","url":"https:\/\/ifs.co.me\/","logo":{"@type":"ImageObject","inLanguage":"en-US","@id":"https:\/\/ifs.co.me\/#\/schema\/logo\/image\/","url":"https:\/\/ifs.co.me\/wp-content\/uploads\/2022\/10\/Background.png","contentUrl":"https:\/\/ifs.co.me\/wp-content\/uploads\/2022\/10\/Background.png","width":2844,"height":720,"caption":"IFS"},"image":{"@id":"https:\/\/ifs.co.me\/#\/schema\/logo\/image\/"}}]}},"_links":{"self":[{"href":"https:\/\/ifs.co.me\/en\/wp-json\/wp\/v2\/pages\/4956"}],"collection":[{"href":"https:\/\/ifs.co.me\/en\/wp-json\/wp\/v2\/pages"}],"about":[{"href":"https:\/\/ifs.co.me\/en\/wp-json\/wp\/v2\/types\/page"}],"author":[{"embeddable":true,"href":"https:\/\/ifs.co.me\/en\/wp-json\/wp\/v2\/users\/1"}],"replies":[{"embeddable":true,"href":"https:\/\/ifs.co.me\/en\/wp-json\/wp\/v2\/comments?post=4956"}],"version-history":[{"count":0,"href":"https:\/\/ifs.co.me\/en\/wp-json\/wp\/v2\/pages\/4956\/revisions"}],"up":[{"embeddable":true,"href":"https:\/\/ifs.co.me\/en\/wp-json\/wp\/v2\/pages\/2352"}],"wp:attachment":[{"href":"https:\/\/ifs.co.me\/en\/wp-json\/wp\/v2\/media?parent=4956"}],"curies":[{"name":"wp","href":"https:\/\/api.w.org\/{rel}","templated":true}]}}