{"id":5023,"date":"2021-03-22T16:18:08","date_gmt":"2021-03-22T16:18:08","guid":{"rendered":"https:\/\/ifs.co.me\/?page_id=5023"},"modified":"2021-04-22T08:09:56","modified_gmt":"2021-04-22T08:09:56","slug":"proces-saradnje","status":"publish","type":"page","link":"https:\/\/ifs.co.me\/en\/usluge\/proces-saradnje\/","title":{"rendered":"PROCESS OF COOPERATION"},"content":{"rendered":"<div data-elementor-type=\"wp-page\" data-elementor-id=\"5023\" class=\"elementor elementor-5023\">\n\t\t\t\t\t\t\t\t\t<section class=\"elementor-section elementor-top-section elementor-element elementor-element-f90e10c elementor-section-boxed elementor-section-height-default elementor-section-height-default\" data-id=\"f90e10c\" data-element_type=\"section\">\n\t\t\t\t\t\t<div class=\"elementor-container elementor-column-gap-default\">\n\t\t\t\t\t<div class=\"elementor-column elementor-col-100 elementor-top-column elementor-element elementor-element-c7be3bd\" data-id=\"c7be3bd\" data-element_type=\"column\">\n\t\t\t<div class=\"elementor-widget-wrap elementor-element-populated\">\n\t\t\t\t\t\t\t\t<div class=\"elementor-element elementor-element-efdf71a elementor-widget elementor-widget-spacer\" data-id=\"efdf71a\" data-element_type=\"widget\" data-widget_type=\"spacer.default\">\n\t\t\t\t<div class=\"elementor-widget-container\">\n\t\t\t\t\t<div class=\"elementor-spacer\">\n\t\t\t<div class=\"elementor-spacer-inner\"><\/div>\n\t\t<\/div>\n\t\t\t\t<\/div>\n\t\t\t\t<\/div>\n\t\t\t\t\t<\/div>\n\t\t<\/div>\n\t\t\t\t\t\t\t<\/div>\n\t\t<\/section>\n\t\t\t\t<section class=\"elementor-section elementor-top-section elementor-element elementor-element-461067b9 elementor-section-boxed elementor-section-height-default elementor-section-height-default\" data-id=\"461067b9\" data-element_type=\"section\">\n\t\t\t\t\t\t<div class=\"elementor-container elementor-column-gap-default\">\n\t\t\t\t\t<div class=\"elementor-column elementor-col-100 elementor-top-column elementor-element elementor-element-4df88074\" data-id=\"4df88074\" data-element_type=\"column\">\n\t\t\t<div class=\"elementor-widget-wrap elementor-element-populated\">\n\t\t\t\t\t\t\t\t<div class=\"elementor-element elementor-element-199281bb elementor-widget elementor-widget-heading\" data-id=\"199281bb\" data-element_type=\"widget\" data-widget_type=\"heading.default\">\n\t\t\t\t<div class=\"elementor-widget-container\">\n\t\t\t<h2 class=\"elementor-heading-title elementor-size-default\">PROCESS OF COOPERATION<\/h2>\t\t<\/div>\n\t\t\t\t<\/div>\n\t\t\t\t\t<\/div>\n\t\t<\/div>\n\t\t\t\t\t\t\t<\/div>\n\t\t<\/section>\n\t\t\t\t<section class=\"elementor-section elementor-top-section elementor-element elementor-element-1a1ef7b elementor-section-boxed elementor-section-height-default elementor-section-height-default\" data-id=\"1a1ef7b\" data-element_type=\"section\">\n\t\t\t\t\t\t<div class=\"elementor-container elementor-column-gap-default\">\n\t\t\t\t\t<div class=\"elementor-column elementor-col-100 elementor-top-column elementor-element elementor-element-4aca532\" data-id=\"4aca532\" data-element_type=\"column\">\n\t\t\t<div class=\"elementor-widget-wrap elementor-element-populated\">\n\t\t\t\t\t\t\t\t<div class=\"elementor-element elementor-element-fd6e9b5 elementor-widget elementor-widget-spacer\" data-id=\"fd6e9b5\" data-element_type=\"widget\" data-widget_type=\"spacer.default\">\n\t\t\t\t<div class=\"elementor-widget-container\">\n\t\t\t\t\t<div class=\"elementor-spacer\">\n\t\t\t<div class=\"elementor-spacer-inner\"><\/div>\n\t\t<\/div>\n\t\t\t\t<\/div>\n\t\t\t\t<\/div>\n\t\t\t\t\t<\/div>\n\t\t<\/div>\n\t\t\t\t\t\t\t<\/div>\n\t\t<\/section>\n\t\t\t\t<section class=\"elementor-section elementor-top-section elementor-element elementor-element-7514877b elementor-hidden-tablet elementor-hidden-phone elementor-section-boxed elementor-section-height-default elementor-section-height-default\" data-id=\"7514877b\" data-element_type=\"section\">\n\t\t\t\t\t\t<div class=\"elementor-container elementor-column-gap-default\">\n\t\t\t\t\t<div class=\"elementor-column elementor-col-100 elementor-top-column elementor-element elementor-element-f6e66ad\" data-id=\"f6e66ad\" data-element_type=\"column\">\n\t\t\t<div class=\"elementor-widget-wrap elementor-element-populated\">\n\t\t\t\t\t\t\t\t<div class=\"elementor-element elementor-element-2d783d0c elementor-widget elementor-widget-text-editor\" data-id=\"2d783d0c\" data-element_type=\"widget\" data-widget_type=\"text-editor.default\">\n\t\t\t\t<div class=\"elementor-widget-container\">\n\t\t\t\t\t\t\t<p style=\"text-align: justify;\">Cooperation with Insurance Financial Solutions (IFS) can be carried out through the following sequence of activities.<\/p><p style=\"text-align: justify;\">Signing the agreement with us and giving us a written authorization is the first step in establishing cooperation, followed by the following activities:<\/p><ul style=\"text-align: justify;\"><li>Submission of all client policies and their analysis by IFS,<\/li><li>Proposal for improvement by IFS,<\/li><li>Agreement upon the insurance policy,<\/li><li>Collection of offers from insurance companies and their analysis by IFS,<\/li><li>Obtaining a contract for optimal insurance,<\/li><li>Taking care of the client and the client's insurance and assisting the client in collecting claims in the event of an insured event.<br \/><br \/><\/li><\/ul><p style=\"text-align: justify;\" class=\" translation-block\">Our <a href=\"https:\/\/ifs.co.me\/o-nama\/nas-tim\/\" target=\"_self\">team<\/a> of professionals is at your disposal for all your requests.<\/p>\t\t\t\t\t\t<\/div>\n\t\t\t\t<\/div>\n\t\t\t\t\t<\/div>\n\t\t<\/div>\n\t\t\t\t\t\t\t<\/div>\n\t\t<\/section>\n\t\t\t\t<section class=\"elementor-section elementor-top-section elementor-element elementor-element-46ddaca elementor-hidden-desktop elementor-section-boxed elementor-section-height-default elementor-section-height-default\" data-id=\"46ddaca\" data-element_type=\"section\">\n\t\t\t\t\t\t<div class=\"elementor-container elementor-column-gap-default\">\n\t\t\t\t\t<div class=\"elementor-column elementor-col-100 elementor-top-column elementor-element elementor-element-1f48d48\" data-id=\"1f48d48\" data-element_type=\"column\">\n\t\t\t<div class=\"elementor-widget-wrap elementor-element-populated\">\n\t\t\t\t\t\t\t\t<div class=\"elementor-element elementor-element-f89f794 elementor-widget elementor-widget-text-editor\" data-id=\"f89f794\" data-element_type=\"widget\" data-widget_type=\"text-editor.default\">\n\t\t\t\t<div class=\"elementor-widget-container\">\n\t\t\t\t\t\t\t<p style=\"text-align: justify;\">Cooperation with Insurance Financial Solutions (IFS) can be carried out through the following sequence of activities.<\/p><p style=\"text-align: justify;\">Signing the agreement with us and giving us a written authorization is the first step in establishing cooperation, followed by the following activities:<\/p><ul style=\"text-align: justify;\"><li>Submission of all client policies and their analysis by IFS,<\/li><li>Proposal for improvement by IFS,<\/li><li>Agreement upon the insurance policy,<\/li><li>Collection of offers from insurance companies and their analysis by IFS,<\/li><li>Obtaining a contract for optimal insurance,<\/li><li>Taking care of the client and the client's insurance and assisting the client in collecting claims in the event of an insured event.<br \/><br \/><\/li><\/ul><p style=\"text-align: justify;\" class=\" translation-block\">Our <a href=\"https:\/\/ifs.co.me\/o-nama\/nas-tim\/\" target=\"_self\">team<\/a> of professionals is at your disposal for all your requests.<\/p>\t\t\t\t\t\t<\/div>\n\t\t\t\t<\/div>\n\t\t\t\t\t<\/div>\n\t\t<\/div>\n\t\t\t\t\t\t\t<\/div>\n\t\t<\/section>\n\t\t\t\t<section class=\"elementor-section elementor-top-section elementor-element elementor-element-5472aff2 cta elementor-section-boxed elementor-section-height-default elementor-section-height-default\" data-id=\"5472aff2\" data-element_type=\"section\">\n\t\t\t\t\t\t<div class=\"elementor-container elementor-column-gap-default\">\n\t\t\t\t\t<div class=\"elementor-column elementor-col-100 elementor-top-column elementor-element elementor-element-6b333924 cta\" data-id=\"6b333924\" data-element_type=\"column\" data-settings=\"{&quot;background_background&quot;:&quot;classic&quot;}\">\n\t\t\t<div class=\"elementor-widget-wrap elementor-element-populated\">\n\t\t\t\t\t<div class=\"elementor-background-overlay\"><\/div>\n\t\t\t\t\t\t\t\t<section class=\"elementor-section elementor-inner-section elementor-element elementor-element-69443151 elementor-section-boxed elementor-section-height-default elementor-section-height-default\" data-id=\"69443151\" data-element_type=\"section\">\n\t\t\t\t\t\t<div class=\"elementor-container elementor-column-gap-default\">\n\t\t\t\t\t<div class=\"elementor-column elementor-col-50 elementor-inner-column elementor-element elementor-element-58f5322d\" data-id=\"58f5322d\" data-element_type=\"column\">\n\t\t\t<div class=\"elementor-widget-wrap elementor-element-populated\">\n\t\t\t\t\t\t\t\t<div class=\"elementor-element elementor-element-4b4e060 elementor-widget elementor-widget-text-editor\" data-id=\"4b4e060\" data-element_type=\"widget\" data-widget_type=\"text-editor.default\">\n\t\t\t\t<div class=\"elementor-widget-container\">\n\t\t\t\t\t\t\t<p style=\"text-align: left;\"><strong>Not sure what you or your company needs?<\/strong><\/p><p style=\"text-align: left;\">Find out in just a few steps\u2026<\/p>\t\t\t\t\t\t<\/div>\n\t\t\t\t<\/div>\n\t\t\t\t\t<\/div>\n\t\t<\/div>\n\t\t\t\t<div class=\"elementor-column elementor-col-50 elementor-inner-column elementor-element elementor-element-6448f5da\" data-id=\"6448f5da\" data-element_type=\"column\">\n\t\t\t<div class=\"elementor-widget-wrap elementor-element-populated\">\n\t\t\t\t\t\t\t\t<div class=\"elementor-element elementor-element-a8cfeb5 elementor-widget elementor-widget-instive-popup\" data-id=\"a8cfeb5\" data-element_type=\"widget\" data-widget_type=\"instive-popup.default\">\n\t\t\t\t<div class=\"elementor-widget-container\">\n\t\t\t\n        <div class=\"instive-popup-btn\">\n            <a href=\"#popupa8cfeb5\" class=\"instive-popup btn btn-primary\" data-effect=\"instivebounceInDown\">\n                <i aria-hidden=\"true\" class=\"fas fa-envelope\"><\/i>                Write to us            <\/a>\n        <\/div>\n        <div id=\"popupa8cfeb5\" class=\"container mfp-hide instive-shortcode-popup instive_animated instivebounceInDown\">\n            <div class=\"instive-popup-wrap\">\n                [metform form_id=\"4578\"]            <\/div>\n        <\/div>\n\n\t\t<\/div>\n\t\t\t\t<\/div>\n\t\t\t\t\t<\/div>\n\t\t<\/div>\n\t\t\t\t\t\t\t<\/div>\n\t\t<\/section>\n\t\t\t\t\t<\/div>\n\t\t<\/div>\n\t\t\t\t\t\t\t<\/div>\n\t\t<\/section>\n\t\t\t\t<section class=\"elementor-section elementor-top-section elementor-element elementor-element-5a5eec60 elementor-section-content-middle elementor-section-boxed elementor-section-height-default elementor-section-height-default\" data-id=\"5a5eec60\" data-element_type=\"section\" data-settings=\"{&quot;background_background&quot;:&quot;classic&quot;}\">\n\t\t\t\t\t\t\t<div class=\"elementor-background-overlay\"><\/div>\n\t\t\t\t\t\t\t<div class=\"elementor-container elementor-column-gap-default\">\n\t\t\t\t\t<div class=\"elementor-column elementor-col-50 elementor-top-column elementor-element elementor-element-427a0aea\" data-id=\"427a0aea\" data-element_type=\"column\">\n\t\t\t<div class=\"elementor-widget-wrap elementor-element-populated\">\n\t\t\t\t\t\t\t\t<div class=\"elementor-element elementor-element-0009d78 elementor-widget elementor-widget-elementskit-heading\" data-id=\"0009d78\" data-element_type=\"widget\" data-widget_type=\"elementskit-heading.default\">\n\t\t\t\t<div class=\"elementor-widget-container\">\n\t\t\t<div class=\"ekit-wid-con\" ><div class=\"ekit-heading elementskit-section-title-wraper    ekit_heading_tablet-   ekit_heading_mobile-\"><h2 class=\"ekit-heading--title elementskit-section-title\">YOU DECIDED TO GET INSURANCE?<\/h2>\t\t\t\t<div class='ekit-heading__description'>\n\t\t\t\t\t<p>There are many questions and possibilities. You can't be sure what tomorrow will bring, but it's certainly good to have a safe partner\u2026<\/p>\n\t\t\t\t<\/div>\n\t\t\t<\/div><\/div>\t\t<\/div>\n\t\t\t\t<\/div>\n\t\t\t\t<div class=\"elementor-element elementor-element-7262f70d elementor-widget elementor-widget-elementskit-button\" data-id=\"7262f70d\" data-element_type=\"widget\" data-widget_type=\"elementskit-button.default\">\n\t\t\t\t<div class=\"elementor-widget-container\">\n\t\t\t<div class=\"ekit-wid-con\" >\t\t<div class=\"ekit-btn-wraper\">\n\t\t\t\t\t\t\t<a href=\"https:\/\/ifs.co.me\/en\/odlucili-ste-se-osigurati\/\" class=\"elementskit-btn  whitespace--normal\" >\n\t\t\t\t\t\n\t\t\t\t\t<i aria-hidden=\"true\" class=\"fas fa-bell\"><\/i>\n\t\t\t\t\tREAD MORE \t\t\t\t<\/a>\n\t\t\t\t\t\t<\/div>\n        <\/div>\t\t<\/div>\n\t\t\t\t<\/div>\n\t\t\t\t\t<\/div>\n\t\t<\/div>\n\t\t\t\t<div class=\"elementor-column elementor-col-50 elementor-top-column elementor-element elementor-element-109ecf30\" data-id=\"109ecf30\" data-element_type=\"column\">\n\t\t\t<div class=\"elementor-widget-wrap elementor-element-populated\">\n\t\t\t\t\t\t\t\t<div class=\"elementor-element elementor-element-26f316c0 elementor-widget elementor-widget-image\" data-id=\"26f316c0\" data-element_type=\"widget\" data-widget_type=\"image.default\">\n\t\t\t\t<div class=\"elementor-widget-container\">\n\t\t\t\t\t\t\t\t\t\t\t\t\t\t\t<img decoding=\"async\" width=\"750\" height=\"465\" src=\"https:\/\/ifs.co.me\/wp-content\/uploads\/2021\/03\/kancelarija-ifs-750x465.jpg\" class=\"attachment-post-thumbnail size-post-thumbnail wp-image-4908\" alt=\"\" loading=\"lazy\" \/>\t\t\t\t\t\t\t\t\t\t\t\t\t\t\t<\/div>\n\t\t\t\t<\/div>\n\t\t\t\t<section class=\"elementor-section elementor-inner-section elementor-element elementor-element-54cd92ae elementor-section-boxed elementor-section-height-default elementor-section-height-default\" data-id=\"54cd92ae\" data-element_type=\"section\">\n\t\t\t\t\t\t<div class=\"elementor-container elementor-column-gap-default\">\n\t\t\t\t\t<div class=\"elementor-column elementor-col-50 elementor-inner-column elementor-element elementor-element-7a8667c3\" data-id=\"7a8667c3\" data-element_type=\"column\">\n\t\t\t<div class=\"elementor-widget-wrap elementor-element-populated\">\n\t\t\t\t\t\t\t\t<div class=\"elementor-element elementor-element-6dab36c3 elementor-hidden-tablet elementor-hidden-phone elementor-widget elementor-widget-image\" data-id=\"6dab36c3\" data-element_type=\"widget\" data-widget_type=\"image.default\">\n\t\t\t\t<div class=\"elementor-widget-container\">\n\t\t\t\t\t\t\t\t\t\t\t\t\t\t\t<img decoding=\"async\" width=\"800\" height=\"534\" src=\"https:\/\/ifs.co.me\/wp-content\/uploads\/2021\/03\/kanc-ifs-1024x683.jpg\" class=\"attachment-large size-large wp-image-4910\" alt=\"\" loading=\"lazy\" srcset=\"https:\/\/ifs.co.me\/wp-content\/uploads\/2021\/03\/kanc-ifs-1024x683.jpg 1024w, https:\/\/ifs.co.me\/wp-content\/uploads\/2021\/03\/kanc-ifs-300x200.jpg 300w, https:\/\/ifs.co.me\/wp-content\/uploads\/2021\/03\/kanc-ifs-768x512.jpg 768w, https:\/\/ifs.co.me\/wp-content\/uploads\/2021\/03\/kanc-ifs-1536x1024.jpg 1536w, https:\/\/ifs.co.me\/wp-content\/uploads\/2021\/03\/kanc-ifs-2048x1365.jpg 2048w, https:\/\/ifs.co.me\/wp-content\/uploads\/2021\/03\/kanc-ifs-36x24.jpg 36w, https:\/\/ifs.co.me\/wp-content\/uploads\/2021\/03\/kanc-ifs-48x32.jpg 48w\" sizes=\"(max-width: 800px) 100vw, 800px\" \/>\t\t\t\t\t\t\t\t\t\t\t\t\t\t\t<\/div>\n\t\t\t\t<\/div>\n\t\t\t\t\t<\/div>\n\t\t<\/div>\n\t\t\t\t<div class=\"elementor-column elementor-col-50 elementor-inner-column elementor-element elementor-element-674caf07\" data-id=\"674caf07\" data-element_type=\"column\">\n\t\t\t<div class=\"elementor-widget-wrap elementor-element-populated\">\n\t\t\t\t\t\t\t\t<div class=\"elementor-element elementor-element-5ae6c93a elementor-hidden-tablet elementor-hidden-phone elementor-widget elementor-widget-image\" data-id=\"5ae6c93a\" data-element_type=\"widget\" data-widget_type=\"image.default\">\n\t\t\t\t<div class=\"elementor-widget-container\">\n\t\t\t\t\t\t\t\t\t\t\t\t\t\t\t<img decoding=\"async\" width=\"320\" height=\"200\" src=\"https:\/\/ifs.co.me\/wp-content\/uploads\/2021\/03\/ifs-tim-320x200.jpg\" class=\"attachment-instive-case-study-box size-instive-case-study-box wp-image-4739\" alt=\"\" loading=\"lazy\" \/>\t\t\t\t\t\t\t\t\t\t\t\t\t\t\t<\/div>\n\t\t\t\t<\/div>\n\t\t\t\t\t<\/div>\n\t\t<\/div>\n\t\t\t\t\t\t\t<\/div>\n\t\t<\/section>\n\t\t\t\t\t<\/div>\n\t\t<\/div>\n\t\t\t\t\t\t\t<\/div>\n\t\t<\/section>\n\t\t\t\t\t\t\t<\/div>","protected":false},"excerpt":{"rendered":"<p>PROCES SARADNJE Saradnja sa Insurance Financial Solutions (IFS) realizuje se u skladu sa sljede\u0107im redosljedom aktivnosti. Potpisivanje Ugovora i davanje pisanog ovla\u0161\u0107enja je prvi korak za ostvarivanje saradnje nakon \u010dega slijede sljede\u0107e aktivnosti: Dostavljanje svih polisa klijenta i njihova analiza od strane IFS, Predlog unapre\u0111enja od strane IFS, Usagla\u0161avanje polise osiguranja, Prikupljanje ponuda od osiguravaju\u0107ih [&hellip;]<\/p>","protected":false},"author":1,"featured_media":0,"parent":2352,"menu_order":0,"comment_status":"closed","ping_status":"closed","template":"elementor_header_footer","meta":[],"yoast_head":"<!-- This site is optimized with the Yoast SEO plugin v21.5 - https:\/\/yoast.com\/wordpress\/plugins\/seo\/ -->\n<title>Proces saradnje - IFS<\/title>\n<meta name=\"robots\" content=\"index, follow, max-snippet:-1, max-image-preview:large, max-video-preview:-1\" \/>\n<link rel=\"canonical\" href=\"https:\/\/ifs.co.me\/en\/usluge\/proces-saradnje\/\" \/>\n<meta property=\"og:locale\" content=\"en_US\" \/>\n<meta property=\"og:type\" content=\"article\" \/>\n<meta property=\"og:title\" content=\"Proces saradnje - IFS\" \/>\n<meta property=\"og:description\" content=\"PROCES SARADNJE Saradnja sa Insurance Financial Solutions (IFS) realizuje se u skladu sa sljede\u0107im redosljedom aktivnosti. Potpisivanje Ugovora i davanje pisanog ovla\u0161\u0107enja je prvi korak za ostvarivanje saradnje nakon \u010dega slijede sljede\u0107e aktivnosti: Dostavljanje svih polisa klijenta i njihova analiza od strane IFS, Predlog unapre\u0111enja od strane IFS, Usagla\u0161avanje polise osiguranja, Prikupljanje ponuda od osiguravaju\u0107ih [&hellip;]\" \/>\n<meta property=\"og:url\" content=\"https:\/\/ifs.co.me\/en\/usluge\/proces-saradnje\/\" \/>\n<meta property=\"og:site_name\" content=\"IFS\" \/>\n<meta property=\"article:modified_time\" content=\"2021-04-22T08:09:56+00:00\" \/>\n<meta property=\"og:image\" content=\"https:\/\/ifs.co.me\/wp-content\/uploads\/2021\/03\/kancelarija-ifs-750x465.jpg\" \/>\n<meta name=\"twitter:card\" content=\"summary_large_image\" \/>\n<meta name=\"twitter:label1\" content=\"Est. reading time\" \/>\n\t<meta name=\"twitter:data1\" content=\"4 minutes\" \/>\n<script type=\"application\/ld+json\" class=\"yoast-schema-graph\">{\"@context\":\"https:\/\/schema.org\",\"@graph\":[{\"@type\":\"WebPage\",\"@id\":\"https:\/\/ifs.co.me\/usluge\/proces-saradnje\/\",\"url\":\"https:\/\/ifs.co.me\/usluge\/proces-saradnje\/\",\"name\":\"Proces saradnje - IFS\",\"isPartOf\":{\"@id\":\"https:\/\/ifs.co.me\/#website\"},\"datePublished\":\"2021-03-22T16:18:08+00:00\",\"dateModified\":\"2021-04-22T08:09:56+00:00\",\"breadcrumb\":{\"@id\":\"https:\/\/ifs.co.me\/usluge\/proces-saradnje\/#breadcrumb\"},\"inLanguage\":\"en-US\",\"potentialAction\":[{\"@type\":\"ReadAction\",\"target\":[\"https:\/\/ifs.co.me\/usluge\/proces-saradnje\/\"]}]},{\"@type\":\"BreadcrumbList\",\"@id\":\"https:\/\/ifs.co.me\/usluge\/proces-saradnje\/#breadcrumb\",\"itemListElement\":[{\"@type\":\"ListItem\",\"position\":1,\"name\":\"Home\",\"item\":\"https:\/\/ifs.co.me\/\"},{\"@type\":\"ListItem\",\"position\":2,\"name\":\"USLUGE\",\"item\":\"https:\/\/ifs.co.me\/usluge\/\"},{\"@type\":\"ListItem\",\"position\":3,\"name\":\"Proces saradnje\"}]},{\"@type\":\"WebSite\",\"@id\":\"https:\/\/ifs.co.me\/#website\",\"url\":\"https:\/\/ifs.co.me\/\",\"name\":\"IFS\",\"description\":\"Insurance Financial Solutions\",\"publisher\":{\"@id\":\"https:\/\/ifs.co.me\/#organization\"},\"potentialAction\":[{\"@type\":\"SearchAction\",\"target\":{\"@type\":\"EntryPoint\",\"urlTemplate\":\"https:\/\/ifs.co.me\/?s={search_term_string}\"},\"query-input\":\"required name=search_term_string\"}],\"inLanguage\":\"en-US\"},{\"@type\":\"Organization\",\"@id\":\"https:\/\/ifs.co.me\/#organization\",\"name\":\"IFS\",\"url\":\"https:\/\/ifs.co.me\/\",\"logo\":{\"@type\":\"ImageObject\",\"inLanguage\":\"en-US\",\"@id\":\"https:\/\/ifs.co.me\/#\/schema\/logo\/image\/\",\"url\":\"https:\/\/ifs.co.me\/wp-content\/uploads\/2022\/10\/Background.png\",\"contentUrl\":\"https:\/\/ifs.co.me\/wp-content\/uploads\/2022\/10\/Background.png\",\"width\":2844,\"height\":720,\"caption\":\"IFS\"},\"image\":{\"@id\":\"https:\/\/ifs.co.me\/#\/schema\/logo\/image\/\"}}]}<\/script>\n<!-- \/ Yoast SEO plugin. -->","yoast_head_json":{"title":"Proces saradnje - IFS","robots":{"index":"index","follow":"follow","max-snippet":"max-snippet:-1","max-image-preview":"max-image-preview:large","max-video-preview":"max-video-preview:-1"},"canonical":"https:\/\/ifs.co.me\/en\/usluge\/proces-saradnje\/","og_locale":"en_US","og_type":"article","og_title":"Proces saradnje - IFS","og_description":"PROCES SARADNJE Saradnja sa Insurance Financial Solutions (IFS) realizuje se u skladu sa sljede\u0107im redosljedom aktivnosti. Potpisivanje Ugovora i davanje pisanog ovla\u0161\u0107enja je prvi korak za ostvarivanje saradnje nakon \u010dega slijede sljede\u0107e aktivnosti: Dostavljanje svih polisa klijenta i njihova analiza od strane IFS, Predlog unapre\u0111enja od strane IFS, Usagla\u0161avanje polise osiguranja, Prikupljanje ponuda od osiguravaju\u0107ih [&hellip;]","og_url":"https:\/\/ifs.co.me\/en\/usluge\/proces-saradnje\/","og_site_name":"IFS","article_modified_time":"2021-04-22T08:09:56+00:00","og_image":[{"url":"https:\/\/ifs.co.me\/wp-content\/uploads\/2021\/03\/kancelarija-ifs-750x465.jpg"}],"twitter_card":"summary_large_image","twitter_misc":{"Est. reading time":"4 minutes"},"schema":{"@context":"https:\/\/schema.org","@graph":[{"@type":"WebPage","@id":"https:\/\/ifs.co.me\/usluge\/proces-saradnje\/","url":"https:\/\/ifs.co.me\/usluge\/proces-saradnje\/","name":"Proces saradnje - IFS","isPartOf":{"@id":"https:\/\/ifs.co.me\/#website"},"datePublished":"2021-03-22T16:18:08+00:00","dateModified":"2021-04-22T08:09:56+00:00","breadcrumb":{"@id":"https:\/\/ifs.co.me\/usluge\/proces-saradnje\/#breadcrumb"},"inLanguage":"en-US","potentialAction":[{"@type":"ReadAction","target":["https:\/\/ifs.co.me\/usluge\/proces-saradnje\/"]}]},{"@type":"BreadcrumbList","@id":"https:\/\/ifs.co.me\/usluge\/proces-saradnje\/#breadcrumb","itemListElement":[{"@type":"ListItem","position":1,"name":"Home","item":"https:\/\/ifs.co.me\/"},{"@type":"ListItem","position":2,"name":"USLUGE","item":"https:\/\/ifs.co.me\/usluge\/"},{"@type":"ListItem","position":3,"name":"Proces saradnje"}]},{"@type":"WebSite","@id":"https:\/\/ifs.co.me\/#website","url":"https:\/\/ifs.co.me\/","name":"IFS","description":"Insurance Financial Solutions","publisher":{"@id":"https:\/\/ifs.co.me\/#organization"},"potentialAction":[{"@type":"SearchAction","target":{"@type":"EntryPoint","urlTemplate":"https:\/\/ifs.co.me\/?s={search_term_string}"},"query-input":"required name=search_term_string"}],"inLanguage":"en-US"},{"@type":"Organization","@id":"https:\/\/ifs.co.me\/#organization","name":"IFS","url":"https:\/\/ifs.co.me\/","logo":{"@type":"ImageObject","inLanguage":"en-US","@id":"https:\/\/ifs.co.me\/#\/schema\/logo\/image\/","url":"https:\/\/ifs.co.me\/wp-content\/uploads\/2022\/10\/Background.png","contentUrl":"https:\/\/ifs.co.me\/wp-content\/uploads\/2022\/10\/Background.png","width":2844,"height":720,"caption":"IFS"},"image":{"@id":"https:\/\/ifs.co.me\/#\/schema\/logo\/image\/"}}]}},"_links":{"self":[{"href":"https:\/\/ifs.co.me\/en\/wp-json\/wp\/v2\/pages\/5023"}],"collection":[{"href":"https:\/\/ifs.co.me\/en\/wp-json\/wp\/v2\/pages"}],"about":[{"href":"https:\/\/ifs.co.me\/en\/wp-json\/wp\/v2\/types\/page"}],"author":[{"embeddable":true,"href":"https:\/\/ifs.co.me\/en\/wp-json\/wp\/v2\/users\/1"}],"replies":[{"embeddable":true,"href":"https:\/\/ifs.co.me\/en\/wp-json\/wp\/v2\/comments?post=5023"}],"version-history":[{"count":0,"href":"https:\/\/ifs.co.me\/en\/wp-json\/wp\/v2\/pages\/5023\/revisions"}],"up":[{"embeddable":true,"href":"https:\/\/ifs.co.me\/en\/wp-json\/wp\/v2\/pages\/2352"}],"wp:attachment":[{"href":"https:\/\/ifs.co.me\/en\/wp-json\/wp\/v2\/media?parent=5023"}],"curies":[{"name":"wp","href":"https:\/\/api.w.org\/{rel}","templated":true}]}}