{"id":6293,"date":"2021-04-05T08:26:19","date_gmt":"2021-04-05T08:26:19","guid":{"rendered":"https:\/\/ifs.co.me\/?page_id=6293"},"modified":"2021-04-05T08:34:36","modified_gmt":"2021-04-05T08:34:36","slug":"osiguravajuce-kuce","status":"publish","type":"page","link":"https:\/\/ifs.co.me\/en\/osiguravajuce-kuce\/","title":{"rendered":"Insurance companies"},"content":{"rendered":"<div data-elementor-type=\"wp-page\" data-elementor-id=\"6293\" class=\"elementor elementor-6293\">\n\t\t\t\t\t\t\t\t\t<section class=\"elementor-section elementor-top-section elementor-element elementor-element-a99b264 elementor-section-boxed elementor-section-height-default elementor-section-height-default\" data-id=\"a99b264\" data-element_type=\"section\">\n\t\t\t\t\t\t<div class=\"elementor-container elementor-column-gap-default\">\n\t\t\t\t\t<div class=\"elementor-column elementor-col-100 elementor-top-column elementor-element elementor-element-a7fa619\" data-id=\"a7fa619\" data-element_type=\"column\">\n\t\t\t<div class=\"elementor-widget-wrap elementor-element-populated\">\n\t\t\t\t\t\t\t\t<div class=\"elementor-element elementor-element-8a16730 elementor-widget elementor-widget-spacer\" data-id=\"8a16730\" data-element_type=\"widget\" data-widget_type=\"spacer.default\">\n\t\t\t\t<div class=\"elementor-widget-container\">\n\t\t\t\t\t<div class=\"elementor-spacer\">\n\t\t\t<div class=\"elementor-spacer-inner\"><\/div>\n\t\t<\/div>\n\t\t\t\t<\/div>\n\t\t\t\t<\/div>\n\t\t\t\t\t<\/div>\n\t\t<\/div>\n\t\t\t\t\t\t\t<\/div>\n\t\t<\/section>\n\t\t\t\t<section class=\"elementor-section elementor-top-section elementor-element elementor-element-70c97287 elementor-section-boxed elementor-section-height-default elementor-section-height-default\" data-id=\"70c97287\" data-element_type=\"section\">\n\t\t\t\t\t\t<div class=\"elementor-container elementor-column-gap-default\">\n\t\t\t\t\t<div class=\"elementor-column elementor-col-100 elementor-top-column elementor-element elementor-element-4d00274d\" data-id=\"4d00274d\" data-element_type=\"column\">\n\t\t\t<div class=\"elementor-widget-wrap elementor-element-populated\">\n\t\t\t\t\t\t\t\t<div class=\"elementor-element elementor-element-3737bb9f elementor-widget elementor-widget-heading\" data-id=\"3737bb9f\" data-element_type=\"widget\" data-widget_type=\"heading.default\">\n\t\t\t\t<div class=\"elementor-widget-container\">\n\t\t\t<h2 class=\"elementor-heading-title elementor-size-default\">Insurance companies<\/h2>\t\t<\/div>\n\t\t\t\t<\/div>\n\t\t\t\t\t<\/div>\n\t\t<\/div>\n\t\t\t\t\t\t\t<\/div>\n\t\t<\/section>\n\t\t\t\t<section class=\"elementor-section elementor-top-section elementor-element elementor-element-7422b21 elementor-section-boxed elementor-section-height-default elementor-section-height-default\" data-id=\"7422b21\" data-element_type=\"section\">\n\t\t\t\t\t\t<div class=\"elementor-container elementor-column-gap-default\">\n\t\t\t\t\t<div class=\"elementor-column elementor-col-100 elementor-top-column elementor-element elementor-element-386f890\" data-id=\"386f890\" data-element_type=\"column\">\n\t\t\t<div class=\"elementor-widget-wrap elementor-element-populated\">\n\t\t\t\t\t\t\t\t<div class=\"elementor-element elementor-element-ffa40b6 elementor-widget elementor-widget-spacer\" data-id=\"ffa40b6\" data-element_type=\"widget\" data-widget_type=\"spacer.default\">\n\t\t\t\t<div class=\"elementor-widget-container\">\n\t\t\t\t\t<div class=\"elementor-spacer\">\n\t\t\t<div class=\"elementor-spacer-inner\"><\/div>\n\t\t<\/div>\n\t\t\t\t<\/div>\n\t\t\t\t<\/div>\n\t\t\t\t\t<\/div>\n\t\t<\/div>\n\t\t\t\t\t\t\t<\/div>\n\t\t<\/section>\n\t\t\t\t<section class=\"elementor-section elementor-top-section elementor-element elementor-element-2629e583 elementor-hidden-tablet elementor-hidden-phone elementor-section-boxed elementor-section-height-default elementor-section-height-default\" data-id=\"2629e583\" data-element_type=\"section\">\n\t\t\t\t\t\t<div class=\"elementor-container elementor-column-gap-default\">\n\t\t\t\t\t<div class=\"elementor-column elementor-col-100 elementor-top-column elementor-element elementor-element-940e9b9\" data-id=\"940e9b9\" data-element_type=\"column\">\n\t\t\t<div class=\"elementor-widget-wrap elementor-element-populated\">\n\t\t\t\t\t\t\t\t<div class=\"elementor-element elementor-element-4d7026ff elementor-widget elementor-widget-text-editor\" data-id=\"4d7026ff\" data-element_type=\"widget\" data-widget_type=\"text-editor.default\">\n\t\t\t\t<div class=\"elementor-widget-container\">\n\t\t\t\t\t\t\t<p style=\"text-align: justify;\">Insurance Financial Solutions cooperates with renowned insurance companies:<\/p>\r\n<p style=\"text-align: justify;\"><\/p>\r\n<p style=\"text-align: justify;\"><strong>Generali Insurance<\/strong><\/p>\r\n<p style=\"text-align: justify;\"><strong>Grawe life insurance and Grawe non-life insurance<\/strong><\/p>\r\n<p style=\"text-align: justify;\"><strong>Lov\u0107en life insurance and Lov\u0107en non-life insurance<\/strong><\/p>\r\n<p style=\"text-align: justify;\"><strong>Sava Insurance<\/strong><\/p>\r\n<p style=\"text-align: justify;\"><strong>Uniqa Insurance (life and non-life)<\/strong><\/p>\r\n<p style=\"text-align: justify;\"><strong>Wiener Stadtische Life Insurance<\/strong><\/p>\t\t\t\t\t\t<\/div>\n\t\t\t\t<\/div>\n\t\t\t\t\t<\/div>\n\t\t<\/div>\n\t\t\t\t\t\t\t<\/div>\n\t\t<\/section>\n\t\t\t\t<section class=\"elementor-section elementor-top-section elementor-element elementor-element-f1f2aeb elementor-hidden-desktop elementor-section-boxed elementor-section-height-default elementor-section-height-default\" data-id=\"f1f2aeb\" data-element_type=\"section\">\n\t\t\t\t\t\t<div class=\"elementor-container elementor-column-gap-default\">\n\t\t\t\t\t<div class=\"elementor-column elementor-col-100 elementor-top-column elementor-element elementor-element-d573a60\" data-id=\"d573a60\" data-element_type=\"column\">\n\t\t\t<div class=\"elementor-widget-wrap elementor-element-populated\">\n\t\t\t\t\t\t\t\t<div class=\"elementor-element elementor-element-26aff40 elementor-widget elementor-widget-text-editor\" data-id=\"26aff40\" data-element_type=\"widget\" data-widget_type=\"text-editor.default\">\n\t\t\t\t<div class=\"elementor-widget-container\">\n\t\t\t\t\t\t\t<p style=\"text-align: justify;\">Insurance Financial Solutions cooperates with renowned insurance companies:<\/p>\r\n<p style=\"text-align: justify;\"><\/p>\r\n<p style=\"text-align: justify;\"><strong>Generali Insurance<\/strong><\/p>\r\n<p style=\"text-align: justify;\"><strong>Grawe life insurance and Grawe non-life insurance<\/strong><\/p>\r\n<p style=\"text-align: justify;\"><strong>Lov\u0107en life insurance and Lov\u0107en non-life insurance<\/strong><\/p>\r\n<p style=\"text-align: justify;\"><strong>Sava Insurance<\/strong><\/p>\r\n<p style=\"text-align: justify;\"><strong>Uniqa Insurance (life and non-life)<\/strong><\/p>\r\n<p style=\"text-align: justify;\"><strong>Wiener Stadtische Life Insurance<\/strong><\/p>\t\t\t\t\t\t<\/div>\n\t\t\t\t<\/div>\n\t\t\t\t\t<\/div>\n\t\t<\/div>\n\t\t\t\t\t\t\t<\/div>\n\t\t<\/section>\n\t\t\t\t<section class=\"elementor-section elementor-top-section elementor-element elementor-element-0569f60 cta elementor-section-boxed elementor-section-height-default elementor-section-height-default\" data-id=\"0569f60\" data-element_type=\"section\">\n\t\t\t\t\t\t<div class=\"elementor-container elementor-column-gap-default\">\n\t\t\t\t\t<div class=\"elementor-column elementor-col-100 elementor-top-column elementor-element elementor-element-94db173 cta\" data-id=\"94db173\" data-element_type=\"column\" data-settings=\"{&quot;background_background&quot;:&quot;classic&quot;}\">\n\t\t\t<div class=\"elementor-widget-wrap elementor-element-populated\">\n\t\t\t\t\t<div class=\"elementor-background-overlay\"><\/div>\n\t\t\t\t\t\t\t\t<section class=\"elementor-section elementor-inner-section elementor-element elementor-element-3725cd4 elementor-section-boxed elementor-section-height-default elementor-section-height-default\" data-id=\"3725cd4\" data-element_type=\"section\">\n\t\t\t\t\t\t<div class=\"elementor-container elementor-column-gap-default\">\n\t\t\t\t\t<div class=\"elementor-column elementor-col-50 elementor-inner-column elementor-element elementor-element-154cc76\" data-id=\"154cc76\" data-element_type=\"column\">\n\t\t\t<div class=\"elementor-widget-wrap elementor-element-populated\">\n\t\t\t\t\t\t\t\t<div class=\"elementor-element elementor-element-dd8d2ff elementor-widget elementor-widget-text-editor\" data-id=\"dd8d2ff\" data-element_type=\"widget\" data-widget_type=\"text-editor.default\">\n\t\t\t\t<div class=\"elementor-widget-container\">\n\t\t\t\t\t\t\t<p style=\"text-align: left;\"><strong>Not sure what you or your company needs?<\/strong><\/p><p style=\"text-align: left;\">Find out in just a few steps\u2026<\/p>\t\t\t\t\t\t<\/div>\n\t\t\t\t<\/div>\n\t\t\t\t\t<\/div>\n\t\t<\/div>\n\t\t\t\t<div class=\"elementor-column elementor-col-50 elementor-inner-column elementor-element elementor-element-f6dee07\" data-id=\"f6dee07\" data-element_type=\"column\">\n\t\t\t<div class=\"elementor-widget-wrap elementor-element-populated\">\n\t\t\t\t\t\t\t\t<div class=\"elementor-element elementor-element-f9739ba elementor-widget elementor-widget-instive-popup\" data-id=\"f9739ba\" data-element_type=\"widget\" data-widget_type=\"instive-popup.default\">\n\t\t\t\t<div class=\"elementor-widget-container\">\n\t\t\t\n        <div class=\"instive-popup-btn\">\n            <a href=\"#popupf9739ba\" class=\"instive-popup btn btn-primary\" data-effect=\"instivebounceInDown\">\n                <i aria-hidden=\"true\" class=\"fas fa-envelope\"><\/i>                Write to us            <\/a>\n        <\/div>\n        <div id=\"popupf9739ba\" class=\"container mfp-hide instive-shortcode-popup instive_animated instivebounceInDown\">\n            <div class=\"instive-popup-wrap\">\n                [metform form_id=\"4578\"]            <\/div>\n        <\/div>\n\n\t\t<\/div>\n\t\t\t\t<\/div>\n\t\t\t\t\t<\/div>\n\t\t<\/div>\n\t\t\t\t\t\t\t<\/div>\n\t\t<\/section>\n\t\t\t\t\t<\/div>\n\t\t<\/div>\n\t\t\t\t\t\t\t<\/div>\n\t\t<\/section>\n\t\t\t\t<section class=\"elementor-section elementor-top-section elementor-element elementor-element-0c4fbf9 elementor-section-content-middle elementor-section-boxed elementor-section-height-default elementor-section-height-default\" data-id=\"0c4fbf9\" data-element_type=\"section\" data-settings=\"{&quot;background_background&quot;:&quot;classic&quot;}\">\n\t\t\t\t\t\t\t<div class=\"elementor-background-overlay\"><\/div>\n\t\t\t\t\t\t\t<div class=\"elementor-container elementor-column-gap-default\">\n\t\t\t\t\t<div class=\"elementor-column elementor-col-50 elementor-top-column elementor-element elementor-element-a3215b2\" data-id=\"a3215b2\" data-element_type=\"column\">\n\t\t\t<div class=\"elementor-widget-wrap elementor-element-populated\">\n\t\t\t\t\t\t\t\t<div class=\"elementor-element elementor-element-50b2ac0 elementor-widget elementor-widget-elementskit-heading\" data-id=\"50b2ac0\" data-element_type=\"widget\" data-widget_type=\"elementskit-heading.default\">\n\t\t\t\t<div class=\"elementor-widget-container\">\n\t\t\t<div class=\"ekit-wid-con\" ><div class=\"ekit-heading elementskit-section-title-wraper    ekit_heading_tablet-   ekit_heading_mobile-\"><h2 class=\"ekit-heading--title elementskit-section-title\">YOU DECIDED TO GET INSURANCE?<\/h2>\t\t\t\t<div class='ekit-heading__description'>\n\t\t\t\t\t<p>Pitanja i mogu\u0107nosti je mnogo. Ne mo\u017eete biti sigurni \u0161ta vam sjutra donosi, ali svakako da je dobro imati sigurnog partnera\u2026<\/p>\n\t\t\t\t<\/div>\n\t\t\t<\/div><\/div>\t\t<\/div>\n\t\t\t\t<\/div>\n\t\t\t\t<div class=\"elementor-element elementor-element-d97e09b elementor-widget elementor-widget-elementskit-button\" data-id=\"d97e09b\" data-element_type=\"widget\" data-widget_type=\"elementskit-button.default\">\n\t\t\t\t<div class=\"elementor-widget-container\">\n\t\t\t<div class=\"ekit-wid-con\" >\t\t<div class=\"ekit-btn-wraper\">\n\t\t\t\t\t\t\t<a href=\"https:\/\/ifs.co.me\/en\/odlucili-ste-se-osigurati\/\" class=\"elementskit-btn  whitespace--normal\" >\n\t\t\t\t\t\n\t\t\t\t\t<i aria-hidden=\"true\" class=\"fas fa-bell\"><\/i>\n\t\t\t\t\tsAZNAJTE VI\u0160E\t\t\t\t<\/a>\n\t\t\t\t\t\t<\/div>\n        <\/div>\t\t<\/div>\n\t\t\t\t<\/div>\n\t\t\t\t\t<\/div>\n\t\t<\/div>\n\t\t\t\t<div class=\"elementor-column elementor-col-50 elementor-top-column elementor-element elementor-element-d94750a\" data-id=\"d94750a\" data-element_type=\"column\">\n\t\t\t<div class=\"elementor-widget-wrap elementor-element-populated\">\n\t\t\t\t\t\t\t\t<div class=\"elementor-element elementor-element-0a4bd01 elementor-widget elementor-widget-image\" data-id=\"0a4bd01\" data-element_type=\"widget\" data-widget_type=\"image.default\">\n\t\t\t\t<div class=\"elementor-widget-container\">\n\t\t\t\t\t\t\t\t\t\t\t\t\t\t\t<img decoding=\"async\" width=\"461\" height=\"283\" src=\"https:\/\/ifs.co.me\/wp-content\/uploads\/2019\/09\/offer_section_image1.jpg\" class=\"attachment-large size-large wp-image-2386\" alt=\"\" loading=\"lazy\" srcset=\"https:\/\/ifs.co.me\/wp-content\/uploads\/2019\/09\/offer_section_image1.jpg 461w, https:\/\/ifs.co.me\/wp-content\/uploads\/2019\/09\/offer_section_image1-300x184.jpg 300w\" sizes=\"(max-width: 461px) 100vw, 461px\" \/>\t\t\t\t\t\t\t\t\t\t\t\t\t\t\t<\/div>\n\t\t\t\t<\/div>\n\t\t\t\t<section class=\"elementor-section elementor-inner-section elementor-element elementor-element-1a3fe79 elementor-section-boxed elementor-section-height-default elementor-section-height-default\" data-id=\"1a3fe79\" data-element_type=\"section\">\n\t\t\t\t\t\t<div class=\"elementor-container elementor-column-gap-default\">\n\t\t\t\t\t<div class=\"elementor-column elementor-col-50 elementor-inner-column elementor-element elementor-element-314dea4\" data-id=\"314dea4\" data-element_type=\"column\">\n\t\t\t<div class=\"elementor-widget-wrap elementor-element-populated\">\n\t\t\t\t\t\t\t\t<div class=\"elementor-element elementor-element-b926e72 elementor-hidden-tablet elementor-hidden-phone elementor-widget elementor-widget-image\" data-id=\"b926e72\" data-element_type=\"widget\" data-widget_type=\"image.default\">\n\t\t\t\t<div class=\"elementor-widget-container\">\n\t\t\t\t\t\t\t\t\t\t\t\t\t\t\t<img decoding=\"async\" width=\"536\" height=\"356\" src=\"https:\/\/ifs.co.me\/wp-content\/uploads\/2019\/08\/quote_image.png\" class=\"attachment-full size-full wp-image-808\" alt=\"\" loading=\"lazy\" srcset=\"https:\/\/ifs.co.me\/wp-content\/uploads\/2019\/08\/quote_image.png 536w, https:\/\/ifs.co.me\/wp-content\/uploads\/2019\/08\/quote_image-300x199.png 300w\" sizes=\"(max-width: 536px) 100vw, 536px\" \/>\t\t\t\t\t\t\t\t\t\t\t\t\t\t\t<\/div>\n\t\t\t\t<\/div>\n\t\t\t\t\t<\/div>\n\t\t<\/div>\n\t\t\t\t<div class=\"elementor-column elementor-col-50 elementor-inner-column elementor-element elementor-element-be91e06\" data-id=\"be91e06\" data-element_type=\"column\">\n\t\t\t<div class=\"elementor-widget-wrap elementor-element-populated\">\n\t\t\t\t\t\t\t\t<div class=\"elementor-element elementor-element-d814c1b elementor-hidden-tablet elementor-hidden-phone elementor-widget elementor-widget-image\" data-id=\"d814c1b\" data-element_type=\"widget\" data-widget_type=\"image.default\">\n\t\t\t\t<div class=\"elementor-widget-container\">\n\t\t\t\t\t\t\t\t\t\t\t\t\t\t\t<img decoding=\"async\" width=\"800\" height=\"534\" src=\"https:\/\/ifs.co.me\/wp-content\/uploads\/2021\/03\/ifs-tim-1024x683.jpg\" class=\"attachment-large size-large wp-image-4739\" alt=\"\" loading=\"lazy\" srcset=\"https:\/\/ifs.co.me\/wp-content\/uploads\/2021\/03\/ifs-tim-1024x683.jpg 1024w, https:\/\/ifs.co.me\/wp-content\/uploads\/2021\/03\/ifs-tim-300x200.jpg 300w, https:\/\/ifs.co.me\/wp-content\/uploads\/2021\/03\/ifs-tim-768x512.jpg 768w, https:\/\/ifs.co.me\/wp-content\/uploads\/2021\/03\/ifs-tim-1536x1024.jpg 1536w, https:\/\/ifs.co.me\/wp-content\/uploads\/2021\/03\/ifs-tim-2048x1365.jpg 2048w\" sizes=\"(max-width: 800px) 100vw, 800px\" \/>\t\t\t\t\t\t\t\t\t\t\t\t\t\t\t<\/div>\n\t\t\t\t<\/div>\n\t\t\t\t\t<\/div>\n\t\t<\/div>\n\t\t\t\t\t\t\t<\/div>\n\t\t<\/section>\n\t\t\t\t\t<\/div>\n\t\t<\/div>\n\t\t\t\t\t\t\t<\/div>\n\t\t<\/section>\n\t\t\t\t\t\t\t<\/div>","protected":false},"excerpt":{"rendered":"<p>Osiguravaju\u0107e ku\u0107e Insurance Financial Solutions sara\u0111uje sa renomiranim osiguravaju\u0107im ku\u0107ama: Generali osiguranje Grawe \u017eivotno osiguranje i Grawe ne\u017eivotno osiguranje Lov\u0107en \u017eivotno osiguranje i Lov\u0107en ne\u017eivotno osiguranje Sava osiguranje Uniqa osiguranje (\u017eivotno i ne\u017eivotno) Wiener Stadtische \u017eivotno osiguranje Insurance Financial Solutions sara\u0111uje sa renomiranim osiguravaju\u0107im ku\u0107ama: Generali osiguranje Grawe \u017eivotno osiguranje i Grawe ne\u017eivotno osiguranje Lov\u0107en [&hellip;]<\/p>","protected":false},"author":1,"featured_media":0,"parent":0,"menu_order":0,"comment_status":"closed","ping_status":"closed","template":"","meta":[],"yoast_head":"<!-- This site is optimized with the Yoast SEO plugin v21.5 - https:\/\/yoast.com\/wordpress\/plugins\/seo\/ -->\n<title>Osiguravaju\u0107e ku\u0107e - IFS<\/title>\n<meta name=\"robots\" content=\"index, follow, max-snippet:-1, max-image-preview:large, max-video-preview:-1\" \/>\n<link rel=\"canonical\" href=\"https:\/\/ifs.co.me\/en\/osiguravajuce-kuce\/\" \/>\n<meta property=\"og:locale\" content=\"en_US\" \/>\n<meta property=\"og:type\" content=\"article\" \/>\n<meta property=\"og:title\" content=\"Osiguravaju\u0107e ku\u0107e - IFS\" \/>\n<meta property=\"og:description\" content=\"Osiguravaju\u0107e ku\u0107e Insurance Financial Solutions sara\u0111uje sa renomiranim osiguravaju\u0107im ku\u0107ama: Generali osiguranje Grawe \u017eivotno osiguranje i Grawe ne\u017eivotno osiguranje Lov\u0107en \u017eivotno osiguranje i Lov\u0107en ne\u017eivotno osiguranje Sava osiguranje Uniqa osiguranje (\u017eivotno i ne\u017eivotno) Wiener Stadtische \u017eivotno osiguranje Insurance Financial Solutions sara\u0111uje sa renomiranim osiguravaju\u0107im ku\u0107ama: Generali osiguranje Grawe \u017eivotno osiguranje i Grawe ne\u017eivotno osiguranje Lov\u0107en [&hellip;]\" \/>\n<meta property=\"og:url\" content=\"https:\/\/ifs.co.me\/en\/osiguravajuce-kuce\/\" \/>\n<meta property=\"og:site_name\" content=\"IFS\" \/>\n<meta property=\"article:modified_time\" content=\"2021-04-05T08:34:36+00:00\" \/>\n<meta property=\"og:image\" content=\"https:\/\/ifs.co.me\/wp-content\/uploads\/2019\/09\/offer_section_image1.jpg\" \/>\n<meta name=\"twitter:card\" content=\"summary_large_image\" \/>\n<meta name=\"twitter:label1\" content=\"Est. reading time\" \/>\n\t<meta name=\"twitter:data1\" content=\"3 minutes\" \/>\n<script type=\"application\/ld+json\" class=\"yoast-schema-graph\">{\"@context\":\"https:\/\/schema.org\",\"@graph\":[{\"@type\":\"WebPage\",\"@id\":\"https:\/\/ifs.co.me\/osiguravajuce-kuce\/\",\"url\":\"https:\/\/ifs.co.me\/osiguravajuce-kuce\/\",\"name\":\"Osiguravaju\u0107e ku\u0107e - IFS\",\"isPartOf\":{\"@id\":\"https:\/\/ifs.co.me\/#website\"},\"datePublished\":\"2021-04-05T08:26:19+00:00\",\"dateModified\":\"2021-04-05T08:34:36+00:00\",\"breadcrumb\":{\"@id\":\"https:\/\/ifs.co.me\/osiguravajuce-kuce\/#breadcrumb\"},\"inLanguage\":\"en-US\",\"potentialAction\":[{\"@type\":\"ReadAction\",\"target\":[\"https:\/\/ifs.co.me\/osiguravajuce-kuce\/\"]}]},{\"@type\":\"BreadcrumbList\",\"@id\":\"https:\/\/ifs.co.me\/osiguravajuce-kuce\/#breadcrumb\",\"itemListElement\":[{\"@type\":\"ListItem\",\"position\":1,\"name\":\"Home\",\"item\":\"https:\/\/ifs.co.me\/\"},{\"@type\":\"ListItem\",\"position\":2,\"name\":\"Osiguravaju\u0107e ku\u0107e\"}]},{\"@type\":\"WebSite\",\"@id\":\"https:\/\/ifs.co.me\/#website\",\"url\":\"https:\/\/ifs.co.me\/\",\"name\":\"IFS\",\"description\":\"Insurance Financial Solutions\",\"publisher\":{\"@id\":\"https:\/\/ifs.co.me\/#organization\"},\"potentialAction\":[{\"@type\":\"SearchAction\",\"target\":{\"@type\":\"EntryPoint\",\"urlTemplate\":\"https:\/\/ifs.co.me\/?s={search_term_string}\"},\"query-input\":\"required name=search_term_string\"}],\"inLanguage\":\"en-US\"},{\"@type\":\"Organization\",\"@id\":\"https:\/\/ifs.co.me\/#organization\",\"name\":\"IFS\",\"url\":\"https:\/\/ifs.co.me\/\",\"logo\":{\"@type\":\"ImageObject\",\"inLanguage\":\"en-US\",\"@id\":\"https:\/\/ifs.co.me\/#\/schema\/logo\/image\/\",\"url\":\"https:\/\/ifs.co.me\/wp-content\/uploads\/2022\/10\/Background.png\",\"contentUrl\":\"https:\/\/ifs.co.me\/wp-content\/uploads\/2022\/10\/Background.png\",\"width\":2844,\"height\":720,\"caption\":\"IFS\"},\"image\":{\"@id\":\"https:\/\/ifs.co.me\/#\/schema\/logo\/image\/\"}}]}<\/script>\n<!-- \/ Yoast SEO plugin. -->","yoast_head_json":{"title":"Osiguravaju\u0107e ku\u0107e - IFS","robots":{"index":"index","follow":"follow","max-snippet":"max-snippet:-1","max-image-preview":"max-image-preview:large","max-video-preview":"max-video-preview:-1"},"canonical":"https:\/\/ifs.co.me\/en\/osiguravajuce-kuce\/","og_locale":"en_US","og_type":"article","og_title":"Osiguravaju\u0107e ku\u0107e - IFS","og_description":"Osiguravaju\u0107e ku\u0107e Insurance Financial Solutions sara\u0111uje sa renomiranim osiguravaju\u0107im ku\u0107ama: Generali osiguranje Grawe \u017eivotno osiguranje i Grawe ne\u017eivotno osiguranje Lov\u0107en \u017eivotno osiguranje i Lov\u0107en ne\u017eivotno osiguranje Sava osiguranje Uniqa osiguranje (\u017eivotno i ne\u017eivotno) Wiener Stadtische \u017eivotno osiguranje Insurance Financial Solutions sara\u0111uje sa renomiranim osiguravaju\u0107im ku\u0107ama: Generali osiguranje Grawe \u017eivotno osiguranje i Grawe ne\u017eivotno osiguranje Lov\u0107en [&hellip;]","og_url":"https:\/\/ifs.co.me\/en\/osiguravajuce-kuce\/","og_site_name":"IFS","article_modified_time":"2021-04-05T08:34:36+00:00","og_image":[{"url":"https:\/\/ifs.co.me\/wp-content\/uploads\/2019\/09\/offer_section_image1.jpg"}],"twitter_card":"summary_large_image","twitter_misc":{"Est. reading time":"3 minutes"},"schema":{"@context":"https:\/\/schema.org","@graph":[{"@type":"WebPage","@id":"https:\/\/ifs.co.me\/osiguravajuce-kuce\/","url":"https:\/\/ifs.co.me\/osiguravajuce-kuce\/","name":"Osiguravaju\u0107e ku\u0107e - IFS","isPartOf":{"@id":"https:\/\/ifs.co.me\/#website"},"datePublished":"2021-04-05T08:26:19+00:00","dateModified":"2021-04-05T08:34:36+00:00","breadcrumb":{"@id":"https:\/\/ifs.co.me\/osiguravajuce-kuce\/#breadcrumb"},"inLanguage":"en-US","potentialAction":[{"@type":"ReadAction","target":["https:\/\/ifs.co.me\/osiguravajuce-kuce\/"]}]},{"@type":"BreadcrumbList","@id":"https:\/\/ifs.co.me\/osiguravajuce-kuce\/#breadcrumb","itemListElement":[{"@type":"ListItem","position":1,"name":"Home","item":"https:\/\/ifs.co.me\/"},{"@type":"ListItem","position":2,"name":"Osiguravaju\u0107e ku\u0107e"}]},{"@type":"WebSite","@id":"https:\/\/ifs.co.me\/#website","url":"https:\/\/ifs.co.me\/","name":"IFS","description":"Insurance Financial Solutions","publisher":{"@id":"https:\/\/ifs.co.me\/#organization"},"potentialAction":[{"@type":"SearchAction","target":{"@type":"EntryPoint","urlTemplate":"https:\/\/ifs.co.me\/?s={search_term_string}"},"query-input":"required name=search_term_string"}],"inLanguage":"en-US"},{"@type":"Organization","@id":"https:\/\/ifs.co.me\/#organization","name":"IFS","url":"https:\/\/ifs.co.me\/","logo":{"@type":"ImageObject","inLanguage":"en-US","@id":"https:\/\/ifs.co.me\/#\/schema\/logo\/image\/","url":"https:\/\/ifs.co.me\/wp-content\/uploads\/2022\/10\/Background.png","contentUrl":"https:\/\/ifs.co.me\/wp-content\/uploads\/2022\/10\/Background.png","width":2844,"height":720,"caption":"IFS"},"image":{"@id":"https:\/\/ifs.co.me\/#\/schema\/logo\/image\/"}}]}},"_links":{"self":[{"href":"https:\/\/ifs.co.me\/en\/wp-json\/wp\/v2\/pages\/6293"}],"collection":[{"href":"https:\/\/ifs.co.me\/en\/wp-json\/wp\/v2\/pages"}],"about":[{"href":"https:\/\/ifs.co.me\/en\/wp-json\/wp\/v2\/types\/page"}],"author":[{"embeddable":true,"href":"https:\/\/ifs.co.me\/en\/wp-json\/wp\/v2\/users\/1"}],"replies":[{"embeddable":true,"href":"https:\/\/ifs.co.me\/en\/wp-json\/wp\/v2\/comments?post=6293"}],"version-history":[{"count":0,"href":"https:\/\/ifs.co.me\/en\/wp-json\/wp\/v2\/pages\/6293\/revisions"}],"wp:attachment":[{"href":"https:\/\/ifs.co.me\/en\/wp-json\/wp\/v2\/media?parent=6293"}],"curies":[{"name":"wp","href":"https:\/\/api.w.org\/{rel}","templated":true}]}}