{"id":6702,"date":"2022-02-24T16:36:48","date_gmt":"2022-02-24T16:36:48","guid":{"rendered":"https:\/\/ifs.co.me\/?page_id=6702"},"modified":"2022-02-24T16:36:48","modified_gmt":"2022-02-24T16:36:48","slug":"pravila-koriscenja-internet-prezentacije","status":"publish","type":"page","link":"https:\/\/ifs.co.me\/en\/pravila-koriscenja-internet-prezentacije\/","title":{"rendered":"Rules for using the internet presentation"},"content":{"rendered":"<div class=\"_df_book df-lite\" id=\"df_6699\"  data-title=\"uslovi-koriscenja\" _slug=\"uslovi-koriscenja\" wpoptions=\"true\" thumbtype=\"bg\" ><\/div><script class=\"df-shortcode-script\" type=\"application\/javascript\">window.option_df_6699 = {\"outline\":[],\"forceFit\":\"true\",\"autoEnableOutline\":\"false\",\"autoEnableThumbnail\":\"false\",\"overwritePDFOutline\":\"false\",\"direction\":\"1\",\"pageSize\":\"0\",\"source\":\"https:\\\/\\\/ifs.co.me\\\/wp-content\\\/uploads\\\/2022\\\/02\\\/IFS-uslovi-koriscenja.pdf\",\"wpOptions\":\"true\"}; if(window.DFLIP && window.DFLIP.parseBooks){window.DFLIP.parseBooks();}<\/script>","protected":false},"excerpt":{"rendered":"","protected":false},"author":1,"featured_media":0,"parent":0,"menu_order":0,"comment_status":"closed","ping_status":"closed","template":"","meta":[],"yoast_head":"<!-- This site is optimized with the Yoast SEO plugin v21.5 - https:\/\/yoast.com\/wordpress\/plugins\/seo\/ -->\n<title>Pravila kori\u0161\u0107enja internet prezentacije - IFS<\/title>\n<meta name=\"description\" content=\"Pravila kori\u0161\u0107enja internet prezentacije\" \/>\n<meta name=\"robots\" content=\"index, follow, max-snippet:-1, max-image-preview:large, max-video-preview:-1\" \/>\n<link rel=\"canonical\" href=\"https:\/\/ifs.co.me\/en\/pravila-koriscenja-internet-prezentacije\/\" \/>\n<meta property=\"og:locale\" content=\"en_US\" \/>\n<meta property=\"og:type\" content=\"article\" \/>\n<meta property=\"og:title\" content=\"Pravila kori\u0161\u0107enja internet prezentacije - IFS\" \/>\n<meta property=\"og:description\" content=\"Pravila kori\u0161\u0107enja internet prezentacije\" \/>\n<meta property=\"og:url\" content=\"https:\/\/ifs.co.me\/en\/pravila-koriscenja-internet-prezentacije\/\" \/>\n<meta property=\"og:site_name\" content=\"IFS\" \/>\n<meta name=\"twitter:card\" content=\"summary_large_image\" \/>\n<script type=\"application\/ld+json\" class=\"yoast-schema-graph\">{\"@context\":\"https:\/\/schema.org\",\"@graph\":[{\"@type\":\"WebPage\",\"@id\":\"https:\/\/ifs.co.me\/pravila-koriscenja-internet-prezentacije\/\",\"url\":\"https:\/\/ifs.co.me\/pravila-koriscenja-internet-prezentacije\/\",\"name\":\"Pravila kori\u0161\u0107enja internet prezentacije - IFS\",\"isPartOf\":{\"@id\":\"https:\/\/ifs.co.me\/#website\"},\"datePublished\":\"2022-02-24T16:36:48+00:00\",\"dateModified\":\"2022-02-24T16:36:48+00:00\",\"description\":\"Pravila kori\u0161\u0107enja internet prezentacije\",\"breadcrumb\":{\"@id\":\"https:\/\/ifs.co.me\/pravila-koriscenja-internet-prezentacije\/#breadcrumb\"},\"inLanguage\":\"en-US\",\"potentialAction\":[{\"@type\":\"ReadAction\",\"target\":[\"https:\/\/ifs.co.me\/pravila-koriscenja-internet-prezentacije\/\"]}]},{\"@type\":\"BreadcrumbList\",\"@id\":\"https:\/\/ifs.co.me\/pravila-koriscenja-internet-prezentacije\/#breadcrumb\",\"itemListElement\":[{\"@type\":\"ListItem\",\"position\":1,\"name\":\"Home\",\"item\":\"https:\/\/ifs.co.me\/\"},{\"@type\":\"ListItem\",\"position\":2,\"name\":\"Pravila kori\u0161\u0107enja internet prezentacije\"}]},{\"@type\":\"WebSite\",\"@id\":\"https:\/\/ifs.co.me\/#website\",\"url\":\"https:\/\/ifs.co.me\/\",\"name\":\"IFS\",\"description\":\"Insurance Financial Solutions\",\"publisher\":{\"@id\":\"https:\/\/ifs.co.me\/#organization\"},\"potentialAction\":[{\"@type\":\"SearchAction\",\"target\":{\"@type\":\"EntryPoint\",\"urlTemplate\":\"https:\/\/ifs.co.me\/?s={search_term_string}\"},\"query-input\":\"required name=search_term_string\"}],\"inLanguage\":\"en-US\"},{\"@type\":\"Organization\",\"@id\":\"https:\/\/ifs.co.me\/#organization\",\"name\":\"IFS\",\"url\":\"https:\/\/ifs.co.me\/\",\"logo\":{\"@type\":\"ImageObject\",\"inLanguage\":\"en-US\",\"@id\":\"https:\/\/ifs.co.me\/#\/schema\/logo\/image\/\",\"url\":\"https:\/\/ifs.co.me\/wp-content\/uploads\/2022\/10\/Background.png\",\"contentUrl\":\"https:\/\/ifs.co.me\/wp-content\/uploads\/2022\/10\/Background.png\",\"width\":2844,\"height\":720,\"caption\":\"IFS\"},\"image\":{\"@id\":\"https:\/\/ifs.co.me\/#\/schema\/logo\/image\/\"}}]}<\/script>\n<!-- \/ Yoast SEO plugin. -->","yoast_head_json":{"title":"Pravila kori\u0161\u0107enja internet prezentacije - IFS","description":"Pravila kori\u0161\u0107enja internet prezentacije","robots":{"index":"index","follow":"follow","max-snippet":"max-snippet:-1","max-image-preview":"max-image-preview:large","max-video-preview":"max-video-preview:-1"},"canonical":"https:\/\/ifs.co.me\/en\/pravila-koriscenja-internet-prezentacije\/","og_locale":"en_US","og_type":"article","og_title":"Pravila kori\u0161\u0107enja internet prezentacije - IFS","og_description":"Pravila kori\u0161\u0107enja internet prezentacije","og_url":"https:\/\/ifs.co.me\/en\/pravila-koriscenja-internet-prezentacije\/","og_site_name":"IFS","twitter_card":"summary_large_image","schema":{"@context":"https:\/\/schema.org","@graph":[{"@type":"WebPage","@id":"https:\/\/ifs.co.me\/pravila-koriscenja-internet-prezentacije\/","url":"https:\/\/ifs.co.me\/pravila-koriscenja-internet-prezentacije\/","name":"Pravila kori\u0161\u0107enja internet prezentacije - IFS","isPartOf":{"@id":"https:\/\/ifs.co.me\/#website"},"datePublished":"2022-02-24T16:36:48+00:00","dateModified":"2022-02-24T16:36:48+00:00","description":"Pravila kori\u0161\u0107enja internet prezentacije","breadcrumb":{"@id":"https:\/\/ifs.co.me\/pravila-koriscenja-internet-prezentacije\/#breadcrumb"},"inLanguage":"en-US","potentialAction":[{"@type":"ReadAction","target":["https:\/\/ifs.co.me\/pravila-koriscenja-internet-prezentacije\/"]}]},{"@type":"BreadcrumbList","@id":"https:\/\/ifs.co.me\/pravila-koriscenja-internet-prezentacije\/#breadcrumb","itemListElement":[{"@type":"ListItem","position":1,"name":"Home","item":"https:\/\/ifs.co.me\/"},{"@type":"ListItem","position":2,"name":"Pravila kori\u0161\u0107enja internet prezentacije"}]},{"@type":"WebSite","@id":"https:\/\/ifs.co.me\/#website","url":"https:\/\/ifs.co.me\/","name":"IFS","description":"Insurance Financial Solutions","publisher":{"@id":"https:\/\/ifs.co.me\/#organization"},"potentialAction":[{"@type":"SearchAction","target":{"@type":"EntryPoint","urlTemplate":"https:\/\/ifs.co.me\/?s={search_term_string}"},"query-input":"required name=search_term_string"}],"inLanguage":"en-US"},{"@type":"Organization","@id":"https:\/\/ifs.co.me\/#organization","name":"IFS","url":"https:\/\/ifs.co.me\/","logo":{"@type":"ImageObject","inLanguage":"en-US","@id":"https:\/\/ifs.co.me\/#\/schema\/logo\/image\/","url":"https:\/\/ifs.co.me\/wp-content\/uploads\/2022\/10\/Background.png","contentUrl":"https:\/\/ifs.co.me\/wp-content\/uploads\/2022\/10\/Background.png","width":2844,"height":720,"caption":"IFS"},"image":{"@id":"https:\/\/ifs.co.me\/#\/schema\/logo\/image\/"}}]}},"_links":{"self":[{"href":"https:\/\/ifs.co.me\/en\/wp-json\/wp\/v2\/pages\/6702"}],"collection":[{"href":"https:\/\/ifs.co.me\/en\/wp-json\/wp\/v2\/pages"}],"about":[{"href":"https:\/\/ifs.co.me\/en\/wp-json\/wp\/v2\/types\/page"}],"author":[{"embeddable":true,"href":"https:\/\/ifs.co.me\/en\/wp-json\/wp\/v2\/users\/1"}],"replies":[{"embeddable":true,"href":"https:\/\/ifs.co.me\/en\/wp-json\/wp\/v2\/comments?post=6702"}],"version-history":[{"count":0,"href":"https:\/\/ifs.co.me\/en\/wp-json\/wp\/v2\/pages\/6702\/revisions"}],"wp:attachment":[{"href":"https:\/\/ifs.co.me\/en\/wp-json\/wp\/v2\/media?parent=6702"}],"curies":[{"name":"wp","href":"https:\/\/api.w.org\/{rel}","templated":true}]}}